{"id":2408,"date":"2010-01-09T14:55:39","date_gmt":"2012-03-07T15:01:16","guid":{"rendered":"https:\/\/czmi.cz\/?page_id=2408"},"modified":"2012-03-07T16:01:16","modified_gmt":"2012-03-07T15:01:16","slug":"contacts-directions","status":"publish","type":"page","link":"https:\/\/czmi.cz\/en\/contact\/contacts-directions\/","title":{"rendered":"Contacts \u00bb Directions"},"content":{"rendered":"<p><a href=\"https:\/\/czmi.cz\/kontakt\/\">Kontaktn\u00ed informace<\/a> | <strong>Kudy k&nbsp;n\u00e1m<\/strong> | <a href=\"https:\/\/czmi.cz\/kontakt\/formular\/\">Napi\u0161te n\u00e1m<\/a> | <a href=\"https:\/\/czmi.cz\/kontakt\/fakturacni\/\">Faktura\u010dn\u00ed \u00fadaje<\/a> <\/p>\n<h2>Kudy k&nbsp;n\u00e1m<\/h2>\n<p>T\u00fdm CZECH MULTIMEDIA INTERACTIVE s\u00eddl\u00ed v&nbsp;2. pat\u0159e budovy v&nbsp;ulici V&nbsp;Ol\u0161in\u00e1ch 2300\/75 v&nbsp;pra\u017esk\u00fdch Stra\u0161nic\u00edch. P\u0159ed budovou je zast\u00e1vka autobusu Dobro\u010dovick\u00e1, autobus 188 (jedna stanice od metra Stra\u0161nick\u00e1) &#8211; <a rel=\"external\" href=\"http:\/\/www.mapy.cz\/#mm=ZP@sa=s@st=s@ssq=czech%20multimedia%20interactive@sss=1@ssp=133259904_135900336_133276800_135912208@x=133265602@y=135902621@z=16\">mapa<\/a>.<\/p>\n<p>[map w=&#8221;480&#8243; lat=&#8221;50.073549&#8243; lon=&#8221;14.504174&#8243; z=&#8221;15&#8243; marker=&#8221;yes&#8221; infowindow=&#8221;<strong>CZECH MULTIMEDIA INTERACTIVE<\/strong><br \/>V Ol\u0161in\u00e1ch 75<br \/>Praha 10&#8243; markerimage=&#8221;https:\/\/czmi.cz\/wp-content\/themes\/czmi\/img\/czmi-map-marker.png&#8221;]<\/p>\n<p><script type=\"text\/javascript\">AC_FL_RunContent('codebase', 'http:\/\/download.macromedia.com\/pub\/shockwave\/cabs\/flash\/swflash.cab#version=10,0,0,0','width', '490','height', '483','src', 'https:\/\/czmi.cz\/interaktivni-reference\/czmi-interaktivni-mapa-v-olsinach\/czmi-interaktivni-mapa-v-olsinach.swf','quality', 'high','pluginspage', 'http:\/\/www.adobe.com\/go\/getflashplayer','align','middle','play', 'true','loop', 'true','scale', 'showall','wmode', 'window','devicefont', 'false','id', 'czmi-interaktivni-mapa-v-olsinach','bgcolor', '#ffffff','name', 'czmi-interaktivni-mapa-v-olsinach','menu', 'true','allowFullScreen', 'false','allowScriptAccess','sameDomain','movie', 'https:\/\/czmi.cz\/interaktivni-reference\/czmi-interaktivni-mapa-v-olsinach\/czmi-interaktivni-mapa-v-olsinach.swf','salign','');<\/script><\/p>\n<p>V p\u0159\u00edzem\u00ed budovy je k&nbsp;dispozici nonstop recepce (provoz 24\/7), ob\u010derstven\u00ed a&nbsp;kant\u00fdna.<\/p>\n","protected":false},"excerpt":{"rendered":"<p>Kontaktn\u00ed informace | Kudy k&nbsp;n\u00e1m | Napi\u0161te n\u00e1m | Faktura\u010dn\u00ed \u00fadaje Kudy k&nbsp;n\u00e1m T\u00fdm CZECH MULTIMEDIA INTERACTIVE s\u00eddl\u00ed v&nbsp;2. pat\u0159e budovy v&nbsp;ulici V&nbsp;Ol\u0161in\u00e1ch 2300\/75 v&nbsp;pra\u017esk\u00fdch Stra\u0161nic\u00edch. P\u0159ed budovou je zast\u00e1vka autobusu Dobro\u010dovick\u00e1, autobus 188 (jedna stanice od metra Stra\u0161nick\u00e1) &#8211; mapa. [map w=&#8221;480&#8243; lat=&#8221;50.073549&#8243; lon=&#8221;14.504174&#8243; z=&#8221;15&#8243; marker=&#8221;yes&#8221; infowindow=&#8221;CZECH MULTIMEDIA INTERACTIVEV Ol\u0161in\u00e1ch 75Praha 10&#8243; markerimage=&#8221;https:\/\/czmi.cz\/wp-content\/themes\/czmi\/img\/czmi-map-marker.png&#8221;] V&nbsp;[&hellip;]<\/p>\n","protected":false},"author":15,"featured_media":0,"parent":2388,"menu_order":0,"comment_status":"closed","ping_status":"closed","template":"kontakt.php","meta":{"footnotes":""},"class_list":["post-2408","page","type-page","status-publish","hentry"],"yoast_head":"<!-- This site is optimized with the Yoast SEO plugin v27.2 - https:\/\/yoast.com\/product\/yoast-seo-wordpress\/ -->\n<title>Contacts \u00bb Directions -<\/title>\n<meta name=\"description\" content=\"Contacts \u00bb Directions - digit\u00e1ln\u00ed agentura CZECH MULTIMEDIA INTERACTIVE. Realizujeme grafick\u00e9 n\u00e1vrhy, interaktivn\u00ed prezentace, tvorbu webu, slu\u017eby audiovizu\u00e1ln\u00ed produkce a postprodukce.\" \/>\n<meta name=\"robots\" content=\"index, follow, max-snippet:-1, max-image-preview:large, max-video-preview:-1\" \/>\n<link rel=\"canonical\" href=\"https:\/\/czmi.cz\/en\/contact\/contacts-directions\/\" \/>\n<meta property=\"og:locale\" content=\"en_US\" \/>\n<meta property=\"og:type\" content=\"article\" \/>\n<meta property=\"og:title\" content=\"Contacts \u00bb Directions -\" \/>\n<meta property=\"og:description\" content=\"Contacts \u00bb Directions - digit\u00e1ln\u00ed agentura CZECH MULTIMEDIA INTERACTIVE. Realizujeme grafick\u00e9 n\u00e1vrhy, interaktivn\u00ed prezentace, tvorbu webu, slu\u017eby audiovizu\u00e1ln\u00ed produkce a postprodukce.\" \/>\n<meta property=\"og:url\" content=\"https:\/\/czmi.cz\/en\/contact\/contacts-directions\/\" \/>\n<meta name=\"twitter:card\" content=\"summary_large_image\" \/>\n<meta name=\"twitter:label1\" content=\"Est. reading time\" \/>\n\t<meta name=\"twitter:data1\" content=\"1 minute\" \/>\n<script type=\"application\/ld+json\" class=\"yoast-schema-graph\">{\"@context\":\"https:\/\/schema.org\",\"@graph\":[{\"@type\":\"WebPage\",\"@id\":\"https:\/\/czmi.cz\/en\/contact\/contacts-directions\/\",\"url\":\"https:\/\/czmi.cz\/en\/contact\/contacts-directions\/\",\"name\":\"Contacts \u00bb Directions -\",\"isPartOf\":{\"@id\":\"https:\/\/czmi.cz\/#website\"},\"datePublished\":\"2012-03-07T15:01:16+00:00\",\"description\":\"Contacts \u00bb Directions - digit\u00e1ln\u00ed agentura CZECH MULTIMEDIA INTERACTIVE. Realizujeme grafick\u00e9 n\u00e1vrhy, interaktivn\u00ed prezentace, tvorbu webu, slu\u017eby audiovizu\u00e1ln\u00ed produkce a postprodukce.\",\"breadcrumb\":{\"@id\":\"https:\/\/czmi.cz\/en\/contact\/contacts-directions\/#breadcrumb\"},\"inLanguage\":\"en-US\",\"potentialAction\":[{\"@type\":\"ReadAction\",\"target\":[\"https:\/\/czmi.cz\/en\/contact\/contacts-directions\/\"]}]},{\"@type\":\"BreadcrumbList\",\"@id\":\"https:\/\/czmi.cz\/en\/contact\/contacts-directions\/#breadcrumb\",\"itemListElement\":[{\"@type\":\"ListItem\",\"position\":1,\"name\":\"CZMI\",\"item\":\"https:\/\/czmi.cz\/en\/\"},{\"@type\":\"ListItem\",\"position\":2,\"name\":\"Contact\",\"item\":\"https:\/\/czmi.cz\/en\/contact\/\"},{\"@type\":\"ListItem\",\"position\":3,\"name\":\"Contacts \u00bb Directions\"}]},{\"@type\":\"WebSite\",\"@id\":\"https:\/\/czmi.cz\/#website\",\"url\":\"https:\/\/czmi.cz\/\",\"name\":\"\",\"description\":\"\",\"potentialAction\":[{\"@type\":\"SearchAction\",\"target\":{\"@type\":\"EntryPoint\",\"urlTemplate\":\"https:\/\/czmi.cz\/?s={search_term_string}\"},\"query-input\":{\"@type\":\"PropertyValueSpecification\",\"valueRequired\":true,\"valueName\":\"search_term_string\"}}],\"inLanguage\":\"en-US\"}]}<\/script>\n<!-- \/ Yoast SEO plugin. -->","yoast_head_json":{"title":"Contacts \u00bb Directions -","description":"Contacts \u00bb Directions - digit\u00e1ln\u00ed agentura CZECH MULTIMEDIA INTERACTIVE. Realizujeme grafick\u00e9 n\u00e1vrhy, interaktivn\u00ed prezentace, tvorbu webu, slu\u017eby audiovizu\u00e1ln\u00ed produkce a postprodukce.","robots":{"index":"index","follow":"follow","max-snippet":"max-snippet:-1","max-image-preview":"max-image-preview:large","max-video-preview":"max-video-preview:-1"},"canonical":"https:\/\/czmi.cz\/en\/contact\/contacts-directions\/","og_locale":"en_US","og_type":"article","og_title":"Contacts \u00bb Directions -","og_description":"Contacts \u00bb Directions - digit\u00e1ln\u00ed agentura CZECH MULTIMEDIA INTERACTIVE. Realizujeme grafick\u00e9 n\u00e1vrhy, interaktivn\u00ed prezentace, tvorbu webu, slu\u017eby audiovizu\u00e1ln\u00ed produkce a postprodukce.","og_url":"https:\/\/czmi.cz\/en\/contact\/contacts-directions\/","twitter_card":"summary_large_image","twitter_misc":{"Est. reading time":"1 minute"},"schema":{"@context":"https:\/\/schema.org","@graph":[{"@type":"WebPage","@id":"https:\/\/czmi.cz\/en\/contact\/contacts-directions\/","url":"https:\/\/czmi.cz\/en\/contact\/contacts-directions\/","name":"Contacts \u00bb Directions -","isPartOf":{"@id":"https:\/\/czmi.cz\/#website"},"datePublished":"2012-03-07T15:01:16+00:00","description":"Contacts \u00bb Directions - digit\u00e1ln\u00ed agentura CZECH MULTIMEDIA INTERACTIVE. Realizujeme grafick\u00e9 n\u00e1vrhy, interaktivn\u00ed prezentace, tvorbu webu, slu\u017eby audiovizu\u00e1ln\u00ed produkce a postprodukce.","breadcrumb":{"@id":"https:\/\/czmi.cz\/en\/contact\/contacts-directions\/#breadcrumb"},"inLanguage":"en-US","potentialAction":[{"@type":"ReadAction","target":["https:\/\/czmi.cz\/en\/contact\/contacts-directions\/"]}]},{"@type":"BreadcrumbList","@id":"https:\/\/czmi.cz\/en\/contact\/contacts-directions\/#breadcrumb","itemListElement":[{"@type":"ListItem","position":1,"name":"CZMI","item":"https:\/\/czmi.cz\/en\/"},{"@type":"ListItem","position":2,"name":"Contact","item":"https:\/\/czmi.cz\/en\/contact\/"},{"@type":"ListItem","position":3,"name":"Contacts \u00bb Directions"}]},{"@type":"WebSite","@id":"https:\/\/czmi.cz\/#website","url":"https:\/\/czmi.cz\/","name":"","description":"","potentialAction":[{"@type":"SearchAction","target":{"@type":"EntryPoint","urlTemplate":"https:\/\/czmi.cz\/?s={search_term_string}"},"query-input":{"@type":"PropertyValueSpecification","valueRequired":true,"valueName":"search_term_string"}}],"inLanguage":"en-US"}]}},"_links":{"self":[{"href":"https:\/\/czmi.cz\/en\/wp-json\/wp\/v2\/pages\/2408","targetHints":{"allow":["GET"]}}],"collection":[{"href":"https:\/\/czmi.cz\/en\/wp-json\/wp\/v2\/pages"}],"about":[{"href":"https:\/\/czmi.cz\/en\/wp-json\/wp\/v2\/types\/page"}],"author":[{"embeddable":true,"href":"https:\/\/czmi.cz\/en\/wp-json\/wp\/v2\/users\/15"}],"replies":[{"embeddable":true,"href":"https:\/\/czmi.cz\/en\/wp-json\/wp\/v2\/comments?post=2408"}],"version-history":[{"count":0,"href":"https:\/\/czmi.cz\/en\/wp-json\/wp\/v2\/pages\/2408\/revisions"}],"up":[{"embeddable":true,"href":"https:\/\/czmi.cz\/en\/wp-json\/wp\/v2\/pages\/2388"}],"wp:attachment":[{"href":"https:\/\/czmi.cz\/en\/wp-json\/wp\/v2\/media?parent=2408"}],"curies":[{"name":"wp","href":"https:\/\/api.w.org\/{rel}","templated":true}]}}