{"id":2404,"date":"2007-02-18T18:41:41","date_gmt":"2007-02-18T18:41:41","guid":{"rendered":"https:\/\/czmi.cz\/?page_id=2404"},"modified":"2012-03-07T15:57:51","modified_gmt":"2012-03-07T14:57:51","slug":"downloads","status":"publish","type":"page","link":"https:\/\/czmi.cz\/en\/downloads\/","title":{"rendered":"Downloads"},"content":{"rendered":"<p><a href=\"https:\/\/czmi.cz\/o-nas\/\">Z\u00e1kladn\u00ed informace<\/a> | <a href=\"https:\/\/czmi.cz\/kariera\/\">Kari\u00e9ra<\/a> | <strong>Ke sta\u017een\u00ed<\/strong> | <a href=\"https:\/\/czmi.cz\/public\/zpravy\/\">Zpr\u00e1vy<\/a> <\/p>\n<h2>Firemn\u00ed dokumenty<\/h2>\n<p><a rel=\"external\" href=\"https:\/\/czmi.cz\/dokumenty\/CZMI-OR-20100303.pdf\"><strong>V\u00fdpis z&nbsp;obchodn\u00edho rejst\u0159\u00edku 03\/2010<\/strong><\/a> (pdf, 1,1MB)<br \/>\n<a rel=\"external\" href=\"https:\/\/czmi.cz\/dokumenty\/CZMI-zivnost-obory-20100303.pdf\"><strong>V\u00fdpis z&nbsp;\u017eivnostensk\u00e9ho rejst\u0159\u00edku 03\/2010<\/strong><\/a> (pdf, 50 KB)<br \/>\n<a rel=\"external\" href=\"https:\/\/czmi.cz\/dokumenty\/czmi-osvedceni-dic.pdf\"><strong>Osv\u011bd\u010den\u00ed o&nbsp;registraci<\/strong><\/a> (pdf, 1,3MB)<br \/>\n<a rel=\"external\" href=\"http:\/\/www.uoou.cz\/int\/registrace-cz.php?id=24405\">Ochrana a&nbsp;zpracov\u00e1n\u00ed osobn\u00edch \u00fadaj\u016f<\/a><\/p>\n<h3><a href=\"https:\/\/czmi.cz\/sluzby\/corporate-identity-tvorba-loga-kreativni-grafika-webdesign\/\">Firemn\u00ed loga a&nbsp;corporate identity<\/a><\/h3>\n<p><a href=\"https:\/\/czmi.cz\/ci\/czmicolor.eps\"><strong>Logo EPS color<\/strong><\/a> (eps, 0,8MB)<br \/>\n<a href=\"https:\/\/czmi.cz\/ci\/czmibw.eps\">Logo EPS black<strong><\/strong><\/a> (eps, 0,8MB)<br \/>\n<a href=\"https:\/\/czmi.cz\/ci\/czmiwhite.eps\">Logo EPS white<strong><\/strong><\/a> (eps, 0,6MB)<br \/>\n<a href=\"https:\/\/czmi.cz\/ci\/czmired-white.eps\">Logo EPS red-white<strong><\/strong><\/a> (eps, 0,8MB)<br \/>\n<a href=\"https:\/\/czmi.cz\/ci\/czmimanual.pdf\"><strong>Grafick\u00fd manu\u00e1l<\/strong><\/a> (pdf, 4,2MB)<\/p>\n<h2><a href=\"https:\/\/czmi.cz\/sluzby\/2d-3d-vizualizace-modeling-a-animace\/\">3D uk\u00e1zky vizualizac\u00ed a&nbsp;render\u016f<\/a><\/h2>\n<p><a href=\"https:\/\/czmi.cz\/obrazky\/3D_krajina_render_75DPI.jpg\" rel=\"lightbox\" ><strong>uk\u00e1zka vizualizace 3D krajiny ve vysok\u00e9m rozli\u0161en\u00ed<\/strong><\/a> (jpeg, 34MB)<br \/>\n<a href=\"https:\/\/czmi.cz\/video\/krajina.avi\"><strong>uk\u00e1zka animace 3D krajiny<\/strong><\/a> (avi, 4MB)<\/p>\n<p><a href=\"https:\/\/czmi.cz\/video\/anim1_divx.avi\"><strong>Preciosa Lustry &#8211; animace sv\u00edtidel a&nbsp;exteri\u00e9ru<\/strong><\/a> (avi, 19MB)<br \/>\n<a href=\"https:\/\/czmi.cz\/video\/anim2_divx.avi\"><strong>Preciosa Lustry &#8211; animace sv\u00edtidel a&nbsp;exteri\u00e9ru<\/strong><\/a> (avi, 14MB)<\/p>\n<p><a href=\"https:\/\/czmi.cz\/interaktivni-reference\/3d-control-internet-multimedia\/3DControl.exe\"><strong>interaktivn\u00ed uk\u00e1zka 3D rotace objektem v&nbsp;Macromedia Directoru<\/strong><\/a> (exe, 4MB)<\/p>\n<p><a href=\"https:\/\/czmi.cz\/video\/Taipei3D.mov\"><strong>uk\u00e1zka QuickTime Virtual Reality 3D sv\u00edtidla<\/strong><\/a> (mov, 45MB)<br \/><a rel=\"external\" href=\"https:\/\/czmi.cz\/interaktivni-reference\/quicktime-vr-mistnost\/\">QuickTime Virtual Reality m\u00edstnost<\/a> (mov, 1,8MB)<\/p>\n<h2><a href=\"https:\/\/czmi.cz\/sluzby\/multimedialni-prezentace-systemy-hry-fun-content\/\">Multimedi\u00e1ln\u00ed prezentace<\/a><\/h2>\n<p><a href=\"https:\/\/czmi.cz\/download\/multimedialni-prezentace\/cd-prezentace-preicosa-lustry-2007.exe\"><strong>DEMO Preciosa Lighting Projects prezentace<\/strong><\/a> (exe, 256MB)<br \/><a href=\"https:\/\/czmi.cz\/download\/multimedialni-prezentace\/cd-preciosa-cp2-20080819.zip\"><strong>DEMO Multimedi\u00e1ln\u00ed prezentace Preciosa CP2008<\/strong> <\/a>(zip, 140MB)<br \/><a href=\"https:\/\/czmi.cz\/interaktivni-reference\/virtual-book-digital-media\/cz.exe\"><strong>DEMO Virtual Book prezentace spole\u010dnosti Digital Media<\/strong><\/a> (exe, 1,5MB)<\/p>\n<h2><a href=\"https:\/\/czmi.cz\/sluzby\/multimedialni-prezentace-systemy-hry-fun-content\/online-hry-flash-3d-zabava-advergaming\/\">Online flash hry<\/a><\/h2>\n<p>Uk\u00e1zky realizace pro spole\u010dnost FERMATA, hry ve form\u011b interaktivn\u00edch PF:<br \/>\n<a href=\"https:\/\/czmi.cz\/download\/hazeni.exe\">h\u00e1zen\u00ed \u0161ipek<\/a> (exe, 4,3MB)<br \/>\n<a href=\"https:\/\/czmi.cz\/download\/chytani.exe\">chyt\u00e1n\u00ed CD<\/a> (exe, 3,9MB)<br \/>\nUk\u00e1zky realizace her pro Po\u0161tovn\u00ed spo\u0159itelnu, seri\u00e1l online her:<br \/>\n<a href=\"https:\/\/czmi.cz\/download\/presnost.exe\">raz\u00edtkov\u00e1n\u00ed &#8211; pracovn\u00edk p\u0159ep\u00e1\u017eky<\/a> (exe, 5,1MB)<br \/>\n<a href=\"https:\/\/czmi.cz\/download\/pamatovani.exe\">pamatov\u00e1n\u00ed &#8211; pracovn\u00edk bezpe\u010dnosti<\/a> (exe, 3,8MB)<\/p>\n<h2><a href=\"https:\/\/czmi.cz\/sluzby\/audio-video-dabing-dvd-authoring-spoty\/\">Reklamn\u00ed spoty &#8211; uk\u00e1zky audio video<\/a><\/h2>\n<p><a href=\"https:\/\/czmi.cz\/video\/Bomton_MPG2_10Mbit_cut_28s.mpg\"><strong>spot Bomton 28s vytvo\u0159en\u00fd z&nbsp;8 fotek<\/strong><\/a> (mpg, 35MB)<br \/>\n<a href=\"https:\/\/czmi.cz\/video\/RSB_full.mpg\"><strong>spot Bomton RSB vytvo\u0159en\u00fd z&nbsp;fotek<\/strong><\/a> (mpg, 77MB)<br \/>\n<a href=\"https:\/\/czmi.cz\/video\/esprital_intro.mpg\"><strong>3D spot Esprital<\/strong><\/a> (mpg, 62MB)<\/p>\n<h2><a href=\"https:\/\/czmi.cz\/sluzby\/software-tvorba-sprava-pronajem\/\">Software, prohl\u00ed\u017ee\u010de a&nbsp;utility<\/a><\/h2>\n<p><a rel=\"external\" href=\"http:\/\/www.adobe.com\/products\/acrobat\/readstep2.html\"><strong>Adobe Reader<\/strong> aktu\u00e1ln\u00ed verze<\/a><br \/>\n<a href=\"http:\/\/ftp.czmi.cz\/sw\/FreePrimoSetup.exe\"><strong>Primo PDF<\/strong><\/a> (exe, 10MB, software pro tisk do PDF)<br \/>\n<a rel=\"external\" href=\"http:\/\/www.microsoft.com\/downloads\/details.aspx?familyid=95E24C87-8732-48D5-8689-AB826E7B8FDF&#038;displaylang=cs\"><strong>Prohl\u00ed\u017ee\u010d Word Viewer 2003<\/strong><\/a><\/p>\n<h2><a href=\"https:\/\/czmi.cz\/sluzby\/multimedialni-prezentace-systemy-hry-fun-content\/multimedialni-informacni-kiosky-terminaly-a-panely\/\">Informa\u010dn\u00ed kiosky<\/a><\/h2>\n<p><a rel=\"external\" href=\"https:\/\/czmi.cz\/dokumenty\/kiosky\/kiosek-czmi.pdf\">CZMI kiosek k&nbsp; pron\u00e1jmu<\/a> (pdf, 1MB), dal\u0161\u00ed <a href=\"https:\/\/czmi.cz\/sluzby\/multimedialni-prezentace-systemy-hry-fun-content\/multimedialni-informacni-kiosky-terminaly-a-panely\/\">vzhledy kiosk\u016f nev\u00e1hejte poptat<\/a><br \/>\n<a rel=\"external\" href=\"https:\/\/czmi.cz\/dokumenty\/kiosky\/kiosek-indoor.pdf\">Uk\u00e1zky vzhled\u016f interi\u00e9rov\u00fdch kiosk\u016f &#8211; kiosky indoor<\/a> (pdf, 1MB)<br \/>\n<a rel=\"external\" href=\"https:\/\/czmi.cz\/dokumenty\/kiosky\/kiosek-outdoor.pdf\">Uk\u00e1zky vzhled\u016f exteri\u00e9rov\u00fdch kiosk\u016f &#8211; kiosky outdoor<\/a> (pdf, 1MB)<\/p>\n<h2>Smlouvy a&nbsp;pravidla ke sta\u017een\u00ed<\/h2>\n<h3>Webhosting a&nbsp;registrace dom\u00e9n<\/h3>\n<p><a rel=\"external\" href=\"https:\/\/czmi.cz\/dokumenty\/domeny\/CZMI-vseobecne-podminky-hosting.pdf\"><strong>Smluvn\u00ed podm\u00ednky pro poskytov\u00e1n\u00ed Webhostingov\u00fdch slu\u017eeb<\/strong><\/a> (pdf, 104KB)<br \/>\n<a rel=\"external\" href=\"https:\/\/czmi.cz\/dokumenty\/domeny\/Pravidla_registrace_CZ_DSDng_20100101.pdf\"><strong>Pravidla registrace dom\u00e9nov\u00fdch jmen v&nbsp;.cz platn\u00e1 od 1.1.2010<\/strong><\/a> (pdf, 85KB)<br \/>\n<a rel=\"external\" href=\"http:\/\/www.eurid.eu\/cs\/domenova-jmena-eu\/idns-pod-eu\/podporovane-znaky\">Mezin\u00e1rodn\u00ed dom\u00e9nov\u00e1 jm\u00e9na .eu &#8211; podporovan\u00e9 znaky<\/a><\/p>\n<h3><a href=\"https:\/\/czmi.cz\/sluzby\/vyroba-lisovani-cd-dvd-potisk-obaly\/\">Lisov\u00e1n\u00ed CD, DVD, HD-DVD, Blu-Ray<\/a><\/h3>\n<p><a href=\"https:\/\/czmi.cz\/dokumenty\/lisovani-cd-dvd\/vseobecne-obchodni-podminky-cd-lisovani.pdf\" rel=\"external\"><strong>V\u0161eobecn\u00e9 obchodn\u00ed podm\u00ednky pro lisov\u00e1n\u00ed CD, DVD<\/strong><\/a> (pdf, 110KB)<br \/>\n<a href=\"https:\/\/czmi.cz\/dokumenty\/lisovani-cd-dvd\/smlouva-cd-lisovani-autorska-prava.pdf\" rel=\"external\"><strong>R\u00e1mcov\u00e1 smlouva o&nbsp;rozmno\u017eov\u00e1n\u00ed nosi\u010d\u016f CD, DVD<\/strong><\/a> (pdf, 71KB)<br \/>\n<a href=\"https:\/\/czmi.cz\/dokumenty\/lisovani-cd-dvd\/objednavka-cd-lisovani.pdf\" rel=\"external\"><strong>Objedn\u00e1vka CD, DVD, potisku a&nbsp;obalu<\/strong><\/a> (pdf, 90KB) <\/p>\n","protected":false},"excerpt":{"rendered":"<p>Z\u00e1kladn\u00ed informace | Kari\u00e9ra | Ke sta\u017een\u00ed | Zpr\u00e1vy Firemn\u00ed dokumenty V\u00fdpis z&nbsp;obchodn\u00edho rejst\u0159\u00edku 03\/2010 (pdf, 1,1MB) V\u00fdpis z&nbsp;\u017eivnostensk\u00e9ho rejst\u0159\u00edku 03\/2010 (pdf, 50 KB) Osv\u011bd\u010den\u00ed o&nbsp;registraci (pdf, 1,3MB) Ochrana a&nbsp;zpracov\u00e1n\u00ed osobn\u00edch \u00fadaj\u016f Firemn\u00ed loga a&nbsp;corporate identity Logo EPS color (eps, 0,8MB) Logo EPS black (eps, 0,8MB) Logo EPS white (eps, 0,6MB) Logo EPS red-white (eps, [&hellip;]<\/p>\n","protected":false},"author":15,"featured_media":0,"parent":0,"menu_order":0,"comment_status":"closed","ping_status":"closed","template":"page-sluzba.php","meta":{"footnotes":""},"class_list":["post-2404","page","type-page","status-publish","hentry"],"yoast_head":"<!-- This site is optimized with the Yoast SEO plugin v27.2 - https:\/\/yoast.com\/product\/yoast-seo-wordpress\/ -->\n<title>Downloads -<\/title>\n<meta name=\"description\" content=\"Downloads - digit\u00e1ln\u00ed agentura CZECH MULTIMEDIA INTERACTIVE. Realizujeme grafick\u00e9 n\u00e1vrhy, interaktivn\u00ed prezentace, tvorbu webu, slu\u017eby audiovizu\u00e1ln\u00ed produkce a postprodukce.\" \/>\n<meta name=\"robots\" content=\"index, follow, max-snippet:-1, max-image-preview:large, max-video-preview:-1\" \/>\n<link rel=\"canonical\" href=\"https:\/\/czmi.cz\/en\/downloads\/\" \/>\n<meta property=\"og:locale\" content=\"en_US\" \/>\n<meta property=\"og:type\" content=\"article\" \/>\n<meta property=\"og:title\" content=\"Downloads -\" \/>\n<meta property=\"og:description\" content=\"Downloads - digit\u00e1ln\u00ed agentura CZECH MULTIMEDIA INTERACTIVE. Realizujeme grafick\u00e9 n\u00e1vrhy, interaktivn\u00ed prezentace, tvorbu webu, slu\u017eby audiovizu\u00e1ln\u00ed produkce a postprodukce.\" \/>\n<meta property=\"og:url\" content=\"https:\/\/czmi.cz\/en\/downloads\/\" \/>\n<meta property=\"article:modified_time\" content=\"2012-03-07T14:57:51+00:00\" \/>\n<meta name=\"twitter:card\" content=\"summary_large_image\" \/>\n<meta name=\"twitter:label1\" content=\"Est. reading time\" \/>\n\t<meta name=\"twitter:data1\" content=\"2 minutes\" \/>\n<script type=\"application\/ld+json\" class=\"yoast-schema-graph\">{\"@context\":\"https:\/\/schema.org\",\"@graph\":[{\"@type\":\"WebPage\",\"@id\":\"https:\/\/czmi.cz\/en\/downloads\/\",\"url\":\"https:\/\/czmi.cz\/en\/downloads\/\",\"name\":\"Downloads -\",\"isPartOf\":{\"@id\":\"https:\/\/czmi.cz\/#website\"},\"datePublished\":\"2007-02-18T18:41:41+00:00\",\"dateModified\":\"2012-03-07T14:57:51+00:00\",\"description\":\"Downloads - digit\u00e1ln\u00ed agentura CZECH MULTIMEDIA INTERACTIVE. Realizujeme grafick\u00e9 n\u00e1vrhy, interaktivn\u00ed prezentace, tvorbu webu, slu\u017eby audiovizu\u00e1ln\u00ed produkce a postprodukce.\",\"breadcrumb\":{\"@id\":\"https:\/\/czmi.cz\/en\/downloads\/#breadcrumb\"},\"inLanguage\":\"en-US\",\"potentialAction\":[{\"@type\":\"ReadAction\",\"target\":[\"https:\/\/czmi.cz\/en\/downloads\/\"]}]},{\"@type\":\"BreadcrumbList\",\"@id\":\"https:\/\/czmi.cz\/en\/downloads\/#breadcrumb\",\"itemListElement\":[{\"@type\":\"ListItem\",\"position\":1,\"name\":\"CZMI\",\"item\":\"https:\/\/czmi.cz\/en\/\"},{\"@type\":\"ListItem\",\"position\":2,\"name\":\"Downloads\"}]},{\"@type\":\"WebSite\",\"@id\":\"https:\/\/czmi.cz\/#website\",\"url\":\"https:\/\/czmi.cz\/\",\"name\":\"\",\"description\":\"\",\"potentialAction\":[{\"@type\":\"SearchAction\",\"target\":{\"@type\":\"EntryPoint\",\"urlTemplate\":\"https:\/\/czmi.cz\/?s={search_term_string}\"},\"query-input\":{\"@type\":\"PropertyValueSpecification\",\"valueRequired\":true,\"valueName\":\"search_term_string\"}}],\"inLanguage\":\"en-US\"}]}<\/script>\n<!-- \/ Yoast SEO plugin. -->","yoast_head_json":{"title":"Downloads -","description":"Downloads - digit\u00e1ln\u00ed agentura CZECH MULTIMEDIA INTERACTIVE. Realizujeme grafick\u00e9 n\u00e1vrhy, interaktivn\u00ed prezentace, tvorbu webu, slu\u017eby audiovizu\u00e1ln\u00ed produkce a postprodukce.","robots":{"index":"index","follow":"follow","max-snippet":"max-snippet:-1","max-image-preview":"max-image-preview:large","max-video-preview":"max-video-preview:-1"},"canonical":"https:\/\/czmi.cz\/en\/downloads\/","og_locale":"en_US","og_type":"article","og_title":"Downloads -","og_description":"Downloads - digit\u00e1ln\u00ed agentura CZECH MULTIMEDIA INTERACTIVE. Realizujeme grafick\u00e9 n\u00e1vrhy, interaktivn\u00ed prezentace, tvorbu webu, slu\u017eby audiovizu\u00e1ln\u00ed produkce a postprodukce.","og_url":"https:\/\/czmi.cz\/en\/downloads\/","article_modified_time":"2012-03-07T14:57:51+00:00","twitter_card":"summary_large_image","twitter_misc":{"Est. reading time":"2 minutes"},"schema":{"@context":"https:\/\/schema.org","@graph":[{"@type":"WebPage","@id":"https:\/\/czmi.cz\/en\/downloads\/","url":"https:\/\/czmi.cz\/en\/downloads\/","name":"Downloads -","isPartOf":{"@id":"https:\/\/czmi.cz\/#website"},"datePublished":"2007-02-18T18:41:41+00:00","dateModified":"2012-03-07T14:57:51+00:00","description":"Downloads - digit\u00e1ln\u00ed agentura CZECH MULTIMEDIA INTERACTIVE. Realizujeme grafick\u00e9 n\u00e1vrhy, interaktivn\u00ed prezentace, tvorbu webu, slu\u017eby audiovizu\u00e1ln\u00ed produkce a postprodukce.","breadcrumb":{"@id":"https:\/\/czmi.cz\/en\/downloads\/#breadcrumb"},"inLanguage":"en-US","potentialAction":[{"@type":"ReadAction","target":["https:\/\/czmi.cz\/en\/downloads\/"]}]},{"@type":"BreadcrumbList","@id":"https:\/\/czmi.cz\/en\/downloads\/#breadcrumb","itemListElement":[{"@type":"ListItem","position":1,"name":"CZMI","item":"https:\/\/czmi.cz\/en\/"},{"@type":"ListItem","position":2,"name":"Downloads"}]},{"@type":"WebSite","@id":"https:\/\/czmi.cz\/#website","url":"https:\/\/czmi.cz\/","name":"","description":"","potentialAction":[{"@type":"SearchAction","target":{"@type":"EntryPoint","urlTemplate":"https:\/\/czmi.cz\/?s={search_term_string}"},"query-input":{"@type":"PropertyValueSpecification","valueRequired":true,"valueName":"search_term_string"}}],"inLanguage":"en-US"}]}},"_links":{"self":[{"href":"https:\/\/czmi.cz\/en\/wp-json\/wp\/v2\/pages\/2404","targetHints":{"allow":["GET"]}}],"collection":[{"href":"https:\/\/czmi.cz\/en\/wp-json\/wp\/v2\/pages"}],"about":[{"href":"https:\/\/czmi.cz\/en\/wp-json\/wp\/v2\/types\/page"}],"author":[{"embeddable":true,"href":"https:\/\/czmi.cz\/en\/wp-json\/wp\/v2\/users\/15"}],"replies":[{"embeddable":true,"href":"https:\/\/czmi.cz\/en\/wp-json\/wp\/v2\/comments?post=2404"}],"version-history":[{"count":0,"href":"https:\/\/czmi.cz\/en\/wp-json\/wp\/v2\/pages\/2404\/revisions"}],"wp:attachment":[{"href":"https:\/\/czmi.cz\/en\/wp-json\/wp\/v2\/media?parent=2404"}],"curies":[{"name":"wp","href":"https:\/\/api.w.org\/{rel}","templated":true}]}}