{"id":2388,"date":"2007-01-17T20:49:16","date_gmt":"2007-01-17T20:49:16","guid":{"rendered":"https:\/\/czmi.cz\/?page_id=2388"},"modified":"2019-02-25T10:04:08","modified_gmt":"2019-02-25T08:04:08","slug":"contact","status":"publish","type":"page","link":"https:\/\/czmi.cz\/en\/contact\/","title":{"rendered":"Contact"},"content":{"rendered":"<div id=\"kontakt\" class=\"tab-pane active\">\n<h2>Contact information<\/h2>\n<p><strong>CZECH MULTIMEDIA INTERACTIVE s.r.o.<\/strong><br \/>\n<a href=\"http:\/\/www.mapy.cz\/#mm=ZP@sa=s@st=s@ssq=czech%20multimedia%20interactive@sss=1@ssp=133259904_135900336_133276800_135912208@x=133265602@y=135902621@z=16\" rel=\"external\">V Ol\u0161in\u00e1ch 2300\/75<\/a><br \/>\n100&nbsp;00 Praha 10<br \/>\nCzech Republic<\/p>\n<table>\n<tbody>\n<tr>\n<td class=\"lab\">GPS:<\/td>\n<td>50\u00b04&#8217;25.784&#8243;N, 14\u00b030&#8217;16.532&#8243;E<\/td>\n<\/tr>\n<tr>\n<td class=\"lab\">Phone:<\/td>\n<td>+420&nbsp;274&nbsp;817&nbsp;540, +420&nbsp;222&nbsp;365&nbsp;746<\/td>\n<\/tr>\n<tr>\n<td class=\"lab\">E-mail:<\/td>\n<td><a href=\"mailto:info@czmi.cz\">info@czmi.cz<\/a><\/td>\n<\/tr>\n<tr>\n<td class=\"lab\">Enquiries:<\/td>\n<td><a href=\"mailto:sales@czmi.cz\">sales@czmi.cz<\/a><\/td>\n<\/tr>\n<tr>\n<td class=\"lab\">Careers:<\/td>\n<td><a href=\"mailto:job@czmi.cz\">job@czmi.cz<\/a><\/td>\n<\/tr>\n<\/tbody>\n<\/table>\n<\/div>\n<div id=\"fakturacni\" class=\"tab-pane\">\n<h2>Billing information<\/h2>\n<p><strong>CZECH MULTIMEDIA INTERACTIVE s.r.o.<\/strong><br \/>\nV&nbsp;Ol\u0161in\u00e1ch 2300\/75<br \/>\n100&nbsp;00 Praha 10<br \/>\nCzech Republic<br \/>\n<strong>ID (I\u010c):<\/strong> 27592481<br \/>\n<strong>tax ID (VAT):<\/strong> CZ27592481<br \/>\n<strong>Ref No.:<\/strong> C.114692, Municipal Court of Prague<\/p>\n<p><strong>D-U-N-S:<\/strong> 721175508<\/p>\n<p><strong>Bank:<\/strong> Komer\u010dn\u00ed banka<br \/>\n<strong>Account No.:<\/strong> 35-7174030287\/0100<\/p>\n<p><strong>SWIFT:<\/strong> KOMBCZPP<br \/>\n<strong>IBAN:<\/strong> CZ3201000000357174030287<\/p>\n<p><a href=\"http:\/\/forms.uoou.cz\/registration.aspx?id=24405\" target=\"_blank\">uoou.cz registration &#8211; we protect your data<\/a><\/p>\n<\/div>\n","protected":false},"excerpt":{"rendered":"<p>Contact information CZECH MULTIMEDIA INTERACTIVE s.r.o. V&nbsp;Ol\u0161in\u00e1ch 2300\/75&nbsp;100&nbsp;00 Praha 10 Czech Republic GPS: 50\u00b04&#8217;25.784&#8243;N, 14\u00b030&#8217;16.532&#8243;E Phone: +420&nbsp;274&nbsp;817&nbsp;540, +420&nbsp;222&nbsp;365&nbsp;746 E-mail: info@czmi.cz Enquiries: sales@czmi.cz Careers: job@czmi.cz Billing information CZECH MULTIMEDIA INTERACTIVE s.r.o. V&nbsp;Ol\u0161in\u00e1ch 2300\/75&nbsp;100&nbsp;00 Praha 10 Czech Republic ID (I\u010c): 27592481 tax ID (VAT): CZ27592481 Ref No.: C.114692, Municipal Court of Prague D-U-N-S: 721175508 [&hellip;]<\/p>\n","protected":false},"author":15,"featured_media":0,"parent":0,"menu_order":0,"comment_status":"closed","ping_status":"closed","template":"page-sluzba.php","meta":{"footnotes":""},"class_list":["post-2388","page","type-page","status-publish","hentry"],"yoast_head":"<!-- This site is optimized with the Yoast SEO plugin v27.2 - https:\/\/yoast.com\/product\/yoast-seo-wordpress\/ -->\n<title>Contact -<\/title>\n<meta name=\"description\" content=\"Contact - digit\u00e1ln\u00ed agentura CZECH MULTIMEDIA INTERACTIVE. Realizujeme grafick\u00e9 n\u00e1vrhy, interaktivn\u00ed prezentace, tvorbu webu, slu\u017eby audiovizu\u00e1ln\u00ed produkce a postprodukce.\" \/>\n<meta name=\"robots\" content=\"index, follow, max-snippet:-1, max-image-preview:large, max-video-preview:-1\" \/>\n<link rel=\"canonical\" href=\"https:\/\/czmi.cz\/en\/contact\/\" \/>\n<meta property=\"og:locale\" content=\"en_US\" \/>\n<meta property=\"og:type\" content=\"article\" \/>\n<meta property=\"og:title\" content=\"Contact -\" \/>\n<meta property=\"og:description\" content=\"Contact - digit\u00e1ln\u00ed agentura CZECH MULTIMEDIA INTERACTIVE. Realizujeme grafick\u00e9 n\u00e1vrhy, interaktivn\u00ed prezentace, tvorbu webu, slu\u017eby audiovizu\u00e1ln\u00ed produkce a postprodukce.\" \/>\n<meta property=\"og:url\" content=\"https:\/\/czmi.cz\/en\/contact\/\" \/>\n<meta property=\"article:modified_time\" content=\"2019-02-25T08:04:08+00:00\" \/>\n<meta name=\"twitter:card\" content=\"summary_large_image\" \/>\n<script type=\"application\/ld+json\" class=\"yoast-schema-graph\">{\"@context\":\"https:\/\/schema.org\",\"@graph\":[{\"@type\":\"WebPage\",\"@id\":\"https:\/\/czmi.cz\/en\/contact\/\",\"url\":\"https:\/\/czmi.cz\/en\/contact\/\",\"name\":\"Contact -\",\"isPartOf\":{\"@id\":\"https:\/\/czmi.cz\/#website\"},\"datePublished\":\"2007-01-17T20:49:16+00:00\",\"dateModified\":\"2019-02-25T08:04:08+00:00\",\"description\":\"Contact - digit\u00e1ln\u00ed agentura CZECH MULTIMEDIA INTERACTIVE. Realizujeme grafick\u00e9 n\u00e1vrhy, interaktivn\u00ed prezentace, tvorbu webu, slu\u017eby audiovizu\u00e1ln\u00ed produkce a postprodukce.\",\"breadcrumb\":{\"@id\":\"https:\/\/czmi.cz\/en\/contact\/#breadcrumb\"},\"inLanguage\":\"en-US\",\"potentialAction\":[{\"@type\":\"ReadAction\",\"target\":[\"https:\/\/czmi.cz\/en\/contact\/\"]}]},{\"@type\":\"BreadcrumbList\",\"@id\":\"https:\/\/czmi.cz\/en\/contact\/#breadcrumb\",\"itemListElement\":[{\"@type\":\"ListItem\",\"position\":1,\"name\":\"CZMI\",\"item\":\"https:\/\/czmi.cz\/en\/\"},{\"@type\":\"ListItem\",\"position\":2,\"name\":\"Contact\"}]},{\"@type\":\"WebSite\",\"@id\":\"https:\/\/czmi.cz\/#website\",\"url\":\"https:\/\/czmi.cz\/\",\"name\":\"\",\"description\":\"\",\"potentialAction\":[{\"@type\":\"SearchAction\",\"target\":{\"@type\":\"EntryPoint\",\"urlTemplate\":\"https:\/\/czmi.cz\/?s={search_term_string}\"},\"query-input\":{\"@type\":\"PropertyValueSpecification\",\"valueRequired\":true,\"valueName\":\"search_term_string\"}}],\"inLanguage\":\"en-US\"}]}<\/script>\n<!-- \/ Yoast SEO plugin. -->","yoast_head_json":{"title":"Contact -","description":"Contact - digit\u00e1ln\u00ed agentura CZECH MULTIMEDIA INTERACTIVE. Realizujeme grafick\u00e9 n\u00e1vrhy, interaktivn\u00ed prezentace, tvorbu webu, slu\u017eby audiovizu\u00e1ln\u00ed produkce a postprodukce.","robots":{"index":"index","follow":"follow","max-snippet":"max-snippet:-1","max-image-preview":"max-image-preview:large","max-video-preview":"max-video-preview:-1"},"canonical":"https:\/\/czmi.cz\/en\/contact\/","og_locale":"en_US","og_type":"article","og_title":"Contact -","og_description":"Contact - digit\u00e1ln\u00ed agentura CZECH MULTIMEDIA INTERACTIVE. Realizujeme grafick\u00e9 n\u00e1vrhy, interaktivn\u00ed prezentace, tvorbu webu, slu\u017eby audiovizu\u00e1ln\u00ed produkce a postprodukce.","og_url":"https:\/\/czmi.cz\/en\/contact\/","article_modified_time":"2019-02-25T08:04:08+00:00","twitter_card":"summary_large_image","schema":{"@context":"https:\/\/schema.org","@graph":[{"@type":"WebPage","@id":"https:\/\/czmi.cz\/en\/contact\/","url":"https:\/\/czmi.cz\/en\/contact\/","name":"Contact -","isPartOf":{"@id":"https:\/\/czmi.cz\/#website"},"datePublished":"2007-01-17T20:49:16+00:00","dateModified":"2019-02-25T08:04:08+00:00","description":"Contact - digit\u00e1ln\u00ed agentura CZECH MULTIMEDIA INTERACTIVE. Realizujeme grafick\u00e9 n\u00e1vrhy, interaktivn\u00ed prezentace, tvorbu webu, slu\u017eby audiovizu\u00e1ln\u00ed produkce a postprodukce.","breadcrumb":{"@id":"https:\/\/czmi.cz\/en\/contact\/#breadcrumb"},"inLanguage":"en-US","potentialAction":[{"@type":"ReadAction","target":["https:\/\/czmi.cz\/en\/contact\/"]}]},{"@type":"BreadcrumbList","@id":"https:\/\/czmi.cz\/en\/contact\/#breadcrumb","itemListElement":[{"@type":"ListItem","position":1,"name":"CZMI","item":"https:\/\/czmi.cz\/en\/"},{"@type":"ListItem","position":2,"name":"Contact"}]},{"@type":"WebSite","@id":"https:\/\/czmi.cz\/#website","url":"https:\/\/czmi.cz\/","name":"","description":"","potentialAction":[{"@type":"SearchAction","target":{"@type":"EntryPoint","urlTemplate":"https:\/\/czmi.cz\/?s={search_term_string}"},"query-input":{"@type":"PropertyValueSpecification","valueRequired":true,"valueName":"search_term_string"}}],"inLanguage":"en-US"}]}},"_links":{"self":[{"href":"https:\/\/czmi.cz\/en\/wp-json\/wp\/v2\/pages\/2388","targetHints":{"allow":["GET"]}}],"collection":[{"href":"https:\/\/czmi.cz\/en\/wp-json\/wp\/v2\/pages"}],"about":[{"href":"https:\/\/czmi.cz\/en\/wp-json\/wp\/v2\/types\/page"}],"author":[{"embeddable":true,"href":"https:\/\/czmi.cz\/en\/wp-json\/wp\/v2\/users\/15"}],"replies":[{"embeddable":true,"href":"https:\/\/czmi.cz\/en\/wp-json\/wp\/v2\/comments?post=2388"}],"version-history":[{"count":1,"href":"https:\/\/czmi.cz\/en\/wp-json\/wp\/v2\/pages\/2388\/revisions"}],"predecessor-version":[{"id":11269,"href":"https:\/\/czmi.cz\/en\/wp-json\/wp\/v2\/pages\/2388\/revisions\/11269"}],"wp:attachment":[{"href":"https:\/\/czmi.cz\/en\/wp-json\/wp\/v2\/media?parent=2388"}],"curies":[{"name":"wp","href":"https:\/\/api.w.org\/{rel}","templated":true}]}}