{"id":2385,"date":"2007-01-17T17:11:08","date_gmt":"2007-01-17T17:11:08","guid":{"rendered":"https:\/\/czmi.cz\/?page_id=2385"},"modified":"2023-12-17T17:02:46","modified_gmt":"2023-12-17T17:02:46","slug":"about-us","status":"publish","type":"page","link":"https:\/\/czmi.cz\/en\/about-us\/","title":{"rendered":"About us"},"content":{"rendered":"<h2>Digital agency<\/h2>\n<p>We are your partner for comprehensive digital solutions. We provide consultations, software and hardware design and development, updates, monitoring and support. We specialize in digitalization and hosting services. Our services also include the utilization of AI and automation.<\/p>\n<p>We believe that leveraging AI and automation is a&nbsp;key factor in successful digitalization. We help our clients harness the latest AI technologies and algorithms to improve their processes, optimize performance, and increase efficiency. Through automation, we can transform repetitive tasks into machine-driven processes, freeing up time and resources for your core business.<\/p>\n<p>Together with you, we will design, automate, and implement solutions that help you leverage the potential of AI for your specific needs. We stay updated with the latest trends and innovations in AI to provide you with cutting-edge and modern solutions.<\/p>\n<p>If you are looking for a&nbsp;reliable partner for digitalization and the utilization of AI and automation, we are here for you. Contact us! Together, we can take your digital transformation to the next level.<\/p>\n<p>We are the members of the <a href=\"https:\/\/czech-multimedia.cz\/\" target=\"_blank\" rel=\"noopener\">CZECH MULTIMEDIA group<\/a>.<\/p>\n","protected":false},"excerpt":{"rendered":"<p>Digital agency We are your partner for comprehensive digital solutions. We provide consultations, software and hardware design and development, updates, monitoring and support. We specialize in digitalization and hosting services. Our services also include the utilization of AI and automation. We believe that leveraging AI and automation is a&nbsp;key factor in successful digitalization. We help [&hellip;]<\/p>\n","protected":false},"author":15,"featured_media":4053,"parent":0,"menu_order":0,"comment_status":"closed","ping_status":"closed","template":"page-sluzba.php","meta":{"footnotes":""},"class_list":["post-2385","page","type-page","status-publish","has-post-thumbnail","hentry"],"yoast_head":"<!-- This site is optimized with the Yoast SEO plugin v27.2 - https:\/\/yoast.com\/product\/yoast-seo-wordpress\/ -->\n<title>About us -<\/title>\n<meta name=\"description\" content=\"About us - digit\u00e1ln\u00ed agentura CZECH MULTIMEDIA INTERACTIVE. Realizujeme grafick\u00e9 n\u00e1vrhy, interaktivn\u00ed prezentace, tvorbu webu, slu\u017eby audiovizu\u00e1ln\u00ed produkce a postprodukce.\" \/>\n<meta name=\"robots\" content=\"index, follow, max-snippet:-1, max-image-preview:large, max-video-preview:-1\" \/>\n<link rel=\"canonical\" href=\"https:\/\/czmi.cz\/en\/about-us\/\" \/>\n<meta property=\"og:locale\" content=\"en_US\" \/>\n<meta property=\"og:type\" content=\"article\" \/>\n<meta property=\"og:title\" content=\"About us -\" \/>\n<meta property=\"og:description\" content=\"About us - digit\u00e1ln\u00ed agentura CZECH MULTIMEDIA INTERACTIVE. Realizujeme grafick\u00e9 n\u00e1vrhy, interaktivn\u00ed prezentace, tvorbu webu, slu\u017eby audiovizu\u00e1ln\u00ed produkce a postprodukce.\" \/>\n<meta property=\"og:url\" content=\"https:\/\/czmi.cz\/en\/about-us\/\" \/>\n<meta property=\"article:modified_time\" content=\"2023-12-17T17:02:46+00:00\" \/>\n<meta property=\"og:image\" content=\"https:\/\/czmi.cz\/wp-content\/uploads\/2014\/03\/czmilogo.png\" \/>\n\t<meta property=\"og:image:width\" content=\"400\" \/>\n\t<meta property=\"og:image:height\" content=\"400\" \/>\n\t<meta property=\"og:image:type\" content=\"image\/png\" \/>\n<meta name=\"twitter:card\" content=\"summary_large_image\" \/>\n<meta name=\"twitter:label1\" content=\"Est. reading time\" \/>\n\t<meta name=\"twitter:data1\" content=\"1 minute\" \/>\n<script type=\"application\/ld+json\" class=\"yoast-schema-graph\">{\"@context\":\"https:\/\/schema.org\",\"@graph\":[{\"@type\":\"WebPage\",\"@id\":\"https:\/\/czmi.cz\/en\/about-us\/\",\"url\":\"https:\/\/czmi.cz\/en\/about-us\/\",\"name\":\"About us -\",\"isPartOf\":{\"@id\":\"https:\/\/czmi.cz\/#website\"},\"primaryImageOfPage\":{\"@id\":\"https:\/\/czmi.cz\/en\/about-us\/#primaryimage\"},\"image\":{\"@id\":\"https:\/\/czmi.cz\/en\/about-us\/#primaryimage\"},\"thumbnailUrl\":\"https:\/\/czmi.cz\/wp-content\/uploads\/2014\/03\/czmilogo.png\",\"datePublished\":\"2007-01-17T17:11:08+00:00\",\"dateModified\":\"2023-12-17T17:02:46+00:00\",\"description\":\"About us - digit\u00e1ln\u00ed agentura CZECH MULTIMEDIA INTERACTIVE. Realizujeme grafick\u00e9 n\u00e1vrhy, interaktivn\u00ed prezentace, tvorbu webu, slu\u017eby audiovizu\u00e1ln\u00ed produkce a postprodukce.\",\"breadcrumb\":{\"@id\":\"https:\/\/czmi.cz\/en\/about-us\/#breadcrumb\"},\"inLanguage\":\"en-US\",\"potentialAction\":[{\"@type\":\"ReadAction\",\"target\":[\"https:\/\/czmi.cz\/en\/about-us\/\"]}]},{\"@type\":\"ImageObject\",\"inLanguage\":\"en-US\",\"@id\":\"https:\/\/czmi.cz\/en\/about-us\/#primaryimage\",\"url\":\"https:\/\/czmi.cz\/wp-content\/uploads\/2014\/03\/czmilogo.png\",\"contentUrl\":\"https:\/\/czmi.cz\/wp-content\/uploads\/2014\/03\/czmilogo.png\",\"width\":400,\"height\":400},{\"@type\":\"BreadcrumbList\",\"@id\":\"https:\/\/czmi.cz\/en\/about-us\/#breadcrumb\",\"itemListElement\":[{\"@type\":\"ListItem\",\"position\":1,\"name\":\"CZMI\",\"item\":\"https:\/\/czmi.cz\/en\/\"},{\"@type\":\"ListItem\",\"position\":2,\"name\":\"About us\"}]},{\"@type\":\"WebSite\",\"@id\":\"https:\/\/czmi.cz\/#website\",\"url\":\"https:\/\/czmi.cz\/\",\"name\":\"\",\"description\":\"\",\"potentialAction\":[{\"@type\":\"SearchAction\",\"target\":{\"@type\":\"EntryPoint\",\"urlTemplate\":\"https:\/\/czmi.cz\/?s={search_term_string}\"},\"query-input\":{\"@type\":\"PropertyValueSpecification\",\"valueRequired\":true,\"valueName\":\"search_term_string\"}}],\"inLanguage\":\"en-US\"}]}<\/script>\n<!-- \/ Yoast SEO plugin. -->","yoast_head_json":{"title":"About us -","description":"About us - digit\u00e1ln\u00ed agentura CZECH MULTIMEDIA INTERACTIVE. Realizujeme grafick\u00e9 n\u00e1vrhy, interaktivn\u00ed prezentace, tvorbu webu, slu\u017eby audiovizu\u00e1ln\u00ed produkce a postprodukce.","robots":{"index":"index","follow":"follow","max-snippet":"max-snippet:-1","max-image-preview":"max-image-preview:large","max-video-preview":"max-video-preview:-1"},"canonical":"https:\/\/czmi.cz\/en\/about-us\/","og_locale":"en_US","og_type":"article","og_title":"About us -","og_description":"About us - digit\u00e1ln\u00ed agentura CZECH MULTIMEDIA INTERACTIVE. Realizujeme grafick\u00e9 n\u00e1vrhy, interaktivn\u00ed prezentace, tvorbu webu, slu\u017eby audiovizu\u00e1ln\u00ed produkce a postprodukce.","og_url":"https:\/\/czmi.cz\/en\/about-us\/","article_modified_time":"2023-12-17T17:02:46+00:00","og_image":[{"width":400,"height":400,"url":"https:\/\/czmi.cz\/wp-content\/uploads\/2014\/03\/czmilogo.png","type":"image\/png"}],"twitter_card":"summary_large_image","twitter_misc":{"Est. reading time":"1 minute"},"schema":{"@context":"https:\/\/schema.org","@graph":[{"@type":"WebPage","@id":"https:\/\/czmi.cz\/en\/about-us\/","url":"https:\/\/czmi.cz\/en\/about-us\/","name":"About us -","isPartOf":{"@id":"https:\/\/czmi.cz\/#website"},"primaryImageOfPage":{"@id":"https:\/\/czmi.cz\/en\/about-us\/#primaryimage"},"image":{"@id":"https:\/\/czmi.cz\/en\/about-us\/#primaryimage"},"thumbnailUrl":"https:\/\/czmi.cz\/wp-content\/uploads\/2014\/03\/czmilogo.png","datePublished":"2007-01-17T17:11:08+00:00","dateModified":"2023-12-17T17:02:46+00:00","description":"About us - digit\u00e1ln\u00ed agentura CZECH MULTIMEDIA INTERACTIVE. Realizujeme grafick\u00e9 n\u00e1vrhy, interaktivn\u00ed prezentace, tvorbu webu, slu\u017eby audiovizu\u00e1ln\u00ed produkce a postprodukce.","breadcrumb":{"@id":"https:\/\/czmi.cz\/en\/about-us\/#breadcrumb"},"inLanguage":"en-US","potentialAction":[{"@type":"ReadAction","target":["https:\/\/czmi.cz\/en\/about-us\/"]}]},{"@type":"ImageObject","inLanguage":"en-US","@id":"https:\/\/czmi.cz\/en\/about-us\/#primaryimage","url":"https:\/\/czmi.cz\/wp-content\/uploads\/2014\/03\/czmilogo.png","contentUrl":"https:\/\/czmi.cz\/wp-content\/uploads\/2014\/03\/czmilogo.png","width":400,"height":400},{"@type":"BreadcrumbList","@id":"https:\/\/czmi.cz\/en\/about-us\/#breadcrumb","itemListElement":[{"@type":"ListItem","position":1,"name":"CZMI","item":"https:\/\/czmi.cz\/en\/"},{"@type":"ListItem","position":2,"name":"About us"}]},{"@type":"WebSite","@id":"https:\/\/czmi.cz\/#website","url":"https:\/\/czmi.cz\/","name":"","description":"","potentialAction":[{"@type":"SearchAction","target":{"@type":"EntryPoint","urlTemplate":"https:\/\/czmi.cz\/?s={search_term_string}"},"query-input":{"@type":"PropertyValueSpecification","valueRequired":true,"valueName":"search_term_string"}}],"inLanguage":"en-US"}]}},"_links":{"self":[{"href":"https:\/\/czmi.cz\/en\/wp-json\/wp\/v2\/pages\/2385","targetHints":{"allow":["GET"]}}],"collection":[{"href":"https:\/\/czmi.cz\/en\/wp-json\/wp\/v2\/pages"}],"about":[{"href":"https:\/\/czmi.cz\/en\/wp-json\/wp\/v2\/types\/page"}],"author":[{"embeddable":true,"href":"https:\/\/czmi.cz\/en\/wp-json\/wp\/v2\/users\/15"}],"replies":[{"embeddable":true,"href":"https:\/\/czmi.cz\/en\/wp-json\/wp\/v2\/comments?post=2385"}],"version-history":[{"count":8,"href":"https:\/\/czmi.cz\/en\/wp-json\/wp\/v2\/pages\/2385\/revisions"}],"predecessor-version":[{"id":11726,"href":"https:\/\/czmi.cz\/en\/wp-json\/wp\/v2\/pages\/2385\/revisions\/11726"}],"wp:featuredmedia":[{"embeddable":true,"href":"https:\/\/czmi.cz\/en\/wp-json\/wp\/v2\/media\/4053"}],"wp:attachment":[{"href":"https:\/\/czmi.cz\/en\/wp-json\/wp\/v2\/media?parent=2385"}],"curies":[{"name":"wp","href":"https:\/\/api.w.org\/{rel}","templated":true}]}}