{"id":2380,"date":"2009-09-13T22:31:00","date_gmt":"2009-09-13T20:31:00","guid":{"rendered":"https:\/\/czmi.cz\/?page_id=2380"},"modified":"2018-01-07T19:48:24","modified_gmt":"2018-01-07T17:48:24","slug":"multimedia-information-kiosks-terminals-and-boards","status":"publish","type":"page","link":"https:\/\/czmi.cz\/en\/multimedia-information-kiosks-terminals-and-boards\/","title":{"rendered":"Multimedia information kiosks, terminals and boards"},"content":{"rendered":"<p>Information kiosks provide access to information mostly via the touch screen to general public (nonstop &#8211; 24\/7\/365).<\/p>\n<p>They are designed for presentation, information and transactional applications, allowing users use intuitive display apps, print information, pay or perform other required operations.<\/p>\n<p>Design and construction of information kiosks can be adjusted to suit your needs and meet the parameters destination &#8211; shopping centers, shops, showrooms, public passages or exterior.<\/p>\n<p>Information kiosks &#8211; attractive interactive presentation<\/p>\n<p>We offer a&nbsp;wide range of kiosk&#8217;s models, peripherals and accessories. We will help you choose the best existing solutions or we propose a&nbsp;new look and features. We create multimedia kiosk applications and systems in corporate design. We provide a&nbsp;comprehensive service which includes:<\/p>\n<ul>\n<li>consulting solutions &#8211; requirements, design, automation, efficiency<\/li>\n<li>pre-implementation analysis, process descriptions<\/li>\n<li>hardware solutions &#8211; manufacture, sale or rental kiosks, terminals or boards<\/li>\n<li>software &#8211; development and implementation of kiosk software<\/li>\n<li>monitoring software, service information kiosk, SLA<\/li>\n<\/ul>\n<p><a class=\"btn btn-danger\" href=\"https:\/\/czech-kiosk.com\/hw-sw\/our-work-references\/\" target=\"_blank\">More projects..<\/a> <\/p>\n","protected":false},"excerpt":{"rendered":"<p>Information kiosks provide access to information mostly via the touch screen to general public (nonstop &#8211; 24\/7\/365). They are designed for presentation, information and transactional applications, allowing users use intuitive display apps, print information, pay or perform other required operations. Design and construction of information kiosks can be adjusted to suit your needs and meet [&hellip;]<\/p>\n","protected":false},"author":15,"featured_media":4546,"parent":0,"menu_order":0,"comment_status":"closed","ping_status":"closed","template":"page-sluzba.php","meta":{"footnotes":""},"class_list":["post-2380","page","type-page","status-publish","has-post-thumbnail","hentry"],"yoast_head":"<!-- This site is optimized with the Yoast SEO plugin v27.2 - https:\/\/yoast.com\/product\/yoast-seo-wordpress\/ -->\n<title>Multimedia information kiosks, terminals and boards -<\/title>\n<meta name=\"description\" content=\"Multimedia information kiosks, terminals and boards - digit\u00e1ln\u00ed agentura CZECH MULTIMEDIA INTERACTIVE. Realizujeme grafick\u00e9 n\u00e1vrhy, interaktivn\u00ed prezentace, tvorbu webu, slu\u017eby audiovizu\u00e1ln\u00ed produkce a postprodukce.\" \/>\n<meta name=\"robots\" content=\"index, follow, max-snippet:-1, max-image-preview:large, max-video-preview:-1\" \/>\n<link rel=\"canonical\" href=\"https:\/\/czmi.cz\/en\/multimedia-information-kiosks-terminals-and-boards\/\" \/>\n<meta property=\"og:locale\" content=\"en_US\" \/>\n<meta property=\"og:type\" content=\"article\" \/>\n<meta property=\"og:title\" content=\"Multimedia information kiosks, terminals and boards -\" \/>\n<meta property=\"og:description\" content=\"Multimedia information kiosks, terminals and boards - digit\u00e1ln\u00ed agentura CZECH MULTIMEDIA INTERACTIVE. Realizujeme grafick\u00e9 n\u00e1vrhy, interaktivn\u00ed prezentace, tvorbu webu, slu\u017eby audiovizu\u00e1ln\u00ed produkce a postprodukce.\" \/>\n<meta property=\"og:url\" content=\"https:\/\/czmi.cz\/en\/multimedia-information-kiosks-terminals-and-boards\/\" \/>\n<meta property=\"article:modified_time\" content=\"2018-01-07T17:48:24+00:00\" \/>\n<meta property=\"og:image\" content=\"https:\/\/czmi.cz\/wp-content\/uploads\/2010\/02\/mmkiosky-screen-3.jpg\" \/>\n\t<meta property=\"og:image:width\" content=\"1498\" \/>\n\t<meta property=\"og:image:height\" content=\"1345\" \/>\n\t<meta property=\"og:image:type\" content=\"image\/jpeg\" \/>\n<meta name=\"twitter:card\" content=\"summary_large_image\" \/>\n<meta name=\"twitter:label1\" content=\"Est. reading time\" \/>\n\t<meta name=\"twitter:data1\" content=\"1 minute\" \/>\n<script type=\"application\/ld+json\" class=\"yoast-schema-graph\">{\"@context\":\"https:\/\/schema.org\",\"@graph\":[{\"@type\":\"WebPage\",\"@id\":\"https:\/\/czmi.cz\/en\/multimedia-information-kiosks-terminals-and-boards\/\",\"url\":\"https:\/\/czmi.cz\/en\/multimedia-information-kiosks-terminals-and-boards\/\",\"name\":\"Multimedia information kiosks, terminals and boards -\",\"isPartOf\":{\"@id\":\"https:\/\/czmi.cz\/#website\"},\"primaryImageOfPage\":{\"@id\":\"https:\/\/czmi.cz\/en\/multimedia-information-kiosks-terminals-and-boards\/#primaryimage\"},\"image\":{\"@id\":\"https:\/\/czmi.cz\/en\/multimedia-information-kiosks-terminals-and-boards\/#primaryimage\"},\"thumbnailUrl\":\"https:\/\/czmi.cz\/wp-content\/uploads\/2010\/02\/mmkiosky-screen-3.jpg\",\"datePublished\":\"2009-09-13T20:31:00+00:00\",\"dateModified\":\"2018-01-07T17:48:24+00:00\",\"description\":\"Multimedia information kiosks, terminals and boards - digit\u00e1ln\u00ed agentura CZECH MULTIMEDIA INTERACTIVE. Realizujeme grafick\u00e9 n\u00e1vrhy, interaktivn\u00ed prezentace, tvorbu webu, slu\u017eby audiovizu\u00e1ln\u00ed produkce a postprodukce.\",\"breadcrumb\":{\"@id\":\"https:\/\/czmi.cz\/en\/multimedia-information-kiosks-terminals-and-boards\/#breadcrumb\"},\"inLanguage\":\"en-US\",\"potentialAction\":[{\"@type\":\"ReadAction\",\"target\":[\"https:\/\/czmi.cz\/en\/multimedia-information-kiosks-terminals-and-boards\/\"]}]},{\"@type\":\"ImageObject\",\"inLanguage\":\"en-US\",\"@id\":\"https:\/\/czmi.cz\/en\/multimedia-information-kiosks-terminals-and-boards\/#primaryimage\",\"url\":\"https:\/\/czmi.cz\/wp-content\/uploads\/2010\/02\/mmkiosky-screen-3.jpg\",\"contentUrl\":\"https:\/\/czmi.cz\/wp-content\/uploads\/2010\/02\/mmkiosky-screen-3.jpg\",\"width\":1498,\"height\":1345},{\"@type\":\"BreadcrumbList\",\"@id\":\"https:\/\/czmi.cz\/en\/multimedia-information-kiosks-terminals-and-boards\/#breadcrumb\",\"itemListElement\":[{\"@type\":\"ListItem\",\"position\":1,\"name\":\"CZMI\",\"item\":\"https:\/\/czmi.cz\/en\/\"},{\"@type\":\"ListItem\",\"position\":2,\"name\":\"Multimedia information kiosks, terminals and boards\"}]},{\"@type\":\"WebSite\",\"@id\":\"https:\/\/czmi.cz\/#website\",\"url\":\"https:\/\/czmi.cz\/\",\"name\":\"\",\"description\":\"\",\"potentialAction\":[{\"@type\":\"SearchAction\",\"target\":{\"@type\":\"EntryPoint\",\"urlTemplate\":\"https:\/\/czmi.cz\/?s={search_term_string}\"},\"query-input\":{\"@type\":\"PropertyValueSpecification\",\"valueRequired\":true,\"valueName\":\"search_term_string\"}}],\"inLanguage\":\"en-US\"}]}<\/script>\n<!-- \/ Yoast SEO plugin. -->","yoast_head_json":{"title":"Multimedia information kiosks, terminals and boards -","description":"Multimedia information kiosks, terminals and boards - digit\u00e1ln\u00ed agentura CZECH MULTIMEDIA INTERACTIVE. Realizujeme grafick\u00e9 n\u00e1vrhy, interaktivn\u00ed prezentace, tvorbu webu, slu\u017eby audiovizu\u00e1ln\u00ed produkce a postprodukce.","robots":{"index":"index","follow":"follow","max-snippet":"max-snippet:-1","max-image-preview":"max-image-preview:large","max-video-preview":"max-video-preview:-1"},"canonical":"https:\/\/czmi.cz\/en\/multimedia-information-kiosks-terminals-and-boards\/","og_locale":"en_US","og_type":"article","og_title":"Multimedia information kiosks, terminals and boards -","og_description":"Multimedia information kiosks, terminals and boards - digit\u00e1ln\u00ed agentura CZECH MULTIMEDIA INTERACTIVE. Realizujeme grafick\u00e9 n\u00e1vrhy, interaktivn\u00ed prezentace, tvorbu webu, slu\u017eby audiovizu\u00e1ln\u00ed produkce a postprodukce.","og_url":"https:\/\/czmi.cz\/en\/multimedia-information-kiosks-terminals-and-boards\/","article_modified_time":"2018-01-07T17:48:24+00:00","og_image":[{"width":1498,"height":1345,"url":"https:\/\/czmi.cz\/wp-content\/uploads\/2010\/02\/mmkiosky-screen-3.jpg","type":"image\/jpeg"}],"twitter_card":"summary_large_image","twitter_misc":{"Est. reading time":"1 minute"},"schema":{"@context":"https:\/\/schema.org","@graph":[{"@type":"WebPage","@id":"https:\/\/czmi.cz\/en\/multimedia-information-kiosks-terminals-and-boards\/","url":"https:\/\/czmi.cz\/en\/multimedia-information-kiosks-terminals-and-boards\/","name":"Multimedia information kiosks, terminals and boards -","isPartOf":{"@id":"https:\/\/czmi.cz\/#website"},"primaryImageOfPage":{"@id":"https:\/\/czmi.cz\/en\/multimedia-information-kiosks-terminals-and-boards\/#primaryimage"},"image":{"@id":"https:\/\/czmi.cz\/en\/multimedia-information-kiosks-terminals-and-boards\/#primaryimage"},"thumbnailUrl":"https:\/\/czmi.cz\/wp-content\/uploads\/2010\/02\/mmkiosky-screen-3.jpg","datePublished":"2009-09-13T20:31:00+00:00","dateModified":"2018-01-07T17:48:24+00:00","description":"Multimedia information kiosks, terminals and boards - digit\u00e1ln\u00ed agentura CZECH MULTIMEDIA INTERACTIVE. Realizujeme grafick\u00e9 n\u00e1vrhy, interaktivn\u00ed prezentace, tvorbu webu, slu\u017eby audiovizu\u00e1ln\u00ed produkce a postprodukce.","breadcrumb":{"@id":"https:\/\/czmi.cz\/en\/multimedia-information-kiosks-terminals-and-boards\/#breadcrumb"},"inLanguage":"en-US","potentialAction":[{"@type":"ReadAction","target":["https:\/\/czmi.cz\/en\/multimedia-information-kiosks-terminals-and-boards\/"]}]},{"@type":"ImageObject","inLanguage":"en-US","@id":"https:\/\/czmi.cz\/en\/multimedia-information-kiosks-terminals-and-boards\/#primaryimage","url":"https:\/\/czmi.cz\/wp-content\/uploads\/2010\/02\/mmkiosky-screen-3.jpg","contentUrl":"https:\/\/czmi.cz\/wp-content\/uploads\/2010\/02\/mmkiosky-screen-3.jpg","width":1498,"height":1345},{"@type":"BreadcrumbList","@id":"https:\/\/czmi.cz\/en\/multimedia-information-kiosks-terminals-and-boards\/#breadcrumb","itemListElement":[{"@type":"ListItem","position":1,"name":"CZMI","item":"https:\/\/czmi.cz\/en\/"},{"@type":"ListItem","position":2,"name":"Multimedia information kiosks, terminals and boards"}]},{"@type":"WebSite","@id":"https:\/\/czmi.cz\/#website","url":"https:\/\/czmi.cz\/","name":"","description":"","potentialAction":[{"@type":"SearchAction","target":{"@type":"EntryPoint","urlTemplate":"https:\/\/czmi.cz\/?s={search_term_string}"},"query-input":{"@type":"PropertyValueSpecification","valueRequired":true,"valueName":"search_term_string"}}],"inLanguage":"en-US"}]}},"_links":{"self":[{"href":"https:\/\/czmi.cz\/en\/wp-json\/wp\/v2\/pages\/2380","targetHints":{"allow":["GET"]}}],"collection":[{"href":"https:\/\/czmi.cz\/en\/wp-json\/wp\/v2\/pages"}],"about":[{"href":"https:\/\/czmi.cz\/en\/wp-json\/wp\/v2\/types\/page"}],"author":[{"embeddable":true,"href":"https:\/\/czmi.cz\/en\/wp-json\/wp\/v2\/users\/15"}],"replies":[{"embeddable":true,"href":"https:\/\/czmi.cz\/en\/wp-json\/wp\/v2\/comments?post=2380"}],"version-history":[{"count":4,"href":"https:\/\/czmi.cz\/en\/wp-json\/wp\/v2\/pages\/2380\/revisions"}],"predecessor-version":[{"id":11159,"href":"https:\/\/czmi.cz\/en\/wp-json\/wp\/v2\/pages\/2380\/revisions\/11159"}],"wp:featuredmedia":[{"embeddable":true,"href":"https:\/\/czmi.cz\/en\/wp-json\/wp\/v2\/media\/4546"}],"wp:attachment":[{"href":"https:\/\/czmi.cz\/en\/wp-json\/wp\/v2\/media?parent=2380"}],"curies":[{"name":"wp","href":"https:\/\/api.w.org\/{rel}","templated":true}]}}