{"id":2367,"date":"2008-09-01T22:18:03","date_gmt":"2012-03-07T14:07:49","guid":{"rendered":"https:\/\/czmi.cz\/?page_id=2367"},"modified":"2012-03-07T15:07:49","modified_gmt":"2012-03-07T14:07:49","slug":"web-customer-contests-and-giveaways-sms","status":"publish","type":"page","link":"https:\/\/czmi.cz\/en\/services\/online-social-marketing\/web-customer-contests-and-giveaways-sms\/","title":{"rendered":"Web customer contests and giveaways, SMS"},"content":{"rendered":"<h2>en Online zviditeln\u011bn\u00ed, zv\u00fd\u0161en\u00ed prodeje a&nbsp;po\u010dtu z\u00e1kazn\u00edk\u016f<\/h2>\n<p><img decoding=\"async\" class=\"pereximg\" src=\"https:\/\/czmi.cz\/obrazky\/perex\/ilustrace\/gcp036.jpg\" alt=\"Internetov\u00e9 spot\u0159ebitelsk\u00e9 sout\u011b\u017ee o&nbsp;ceny, SMS\" \/><br \/>\nBu\u010fte atraktivn\u00ed pro sv\u00e9 z\u00e1kazn\u00edky. Sta\u0148te se st\u0159edem jejich pozornosti, nechte je sout\u011b\u017eit a&nbsp;vyhr\u00e1t.  <\/p>\n<p>P\u0159ed spu\u0161t\u011bn\u00edm <a href=\"https:\/\/czmi.cz\/sluzby\/multimedialni-prezentace-systemy-hry-fun-content\/online-hry-flash-3d-zabava-advergaming\/\">online her<\/a> a&nbsp;spot\u0159ebitelsk\u00fdch sout\u011b\u017e\u00ed by m\u011bla b\u00fdt Va\u0161e <a href=\"https:\/\/czmi.cz\/sluzby\/webove-prezentace-seo-sem-copywriting\/\">webov\u00e1 prezentace<\/a> pln\u011b p\u0159ipravena.<\/p>\n<p>Pot\u0159ebn\u00e9 odpov\u011bdi V\u00e1m poskytne <a href=\"https:\/\/czmi.cz\/sluzby\/webove-prezentace-seo-sem-copywriting\/seo-analyza-optimalizace-pro-vyhledavace\/\">anal\u00fdza webu<\/a>, kter\u00e1 zhodnot\u00ed i&nbsp;konkuren\u010dn\u00ed prost\u0159ed\u00ed a&nbsp;navrhne opat\u0159en\u00ed.<\/p>\n<h2>Online marketing &#8211; ne\u017e spust\u00edte spot\u0159ebitelsk\u00e9 sout\u011b\u017ee<\/h2>\n<p>P\u0159ed odstartov\u00e1n\u00edm internetov\u00fdch spot\u0159ebitelsk\u00fdch sout\u011b\u017e\u00ed na webov\u00fdch port\u00e1lech doporu\u010dujeme ke zv\u00e1\u017een\u00ed aktivity a&nbsp;pr\u00e1ce n\u00ed\u017ee, kter\u00e9 pomohou sout\u011b\u017e\u00edm k&nbsp;\u00fasp\u011bchu &#8211; webovou prezentaci zp\u0159\u00edjemn\u00ed a&nbsp;zviditeln\u00ed pro Va\u0161e z\u00e1kazn\u00edky.<\/p>\n<ul class=\"seznammezeraleva\">\n<li><a href=\"https:\/\/czmi.cz\/sluzby\/corporate-identity-tvorba-loga-kreativni-grafika-webdesign\/\">Redesign webu, jednotn\u00e1 komunikace a&nbsp;kreativn\u00ed grafika<\/a><\/li>\n<li><a href=\"https:\/\/czmi.cz\/sluzby\/webove-prezentace-seo-sem-copywriting\/\">Copywriting<\/a><span> \u2013 tvorba obchodn\u00edch text\u016f webu<\/span><\/li>\n<li><a href=\"https:\/\/czmi.cz\/sluzby\/webove-prezentace-seo-sem-copywriting\/seo-pravidla-postupy\/\">SEO optimalizace<\/a><span> &#8211; zlep\u0161en\u00ed indexace a&nbsp;vyhled\u00e1v\u00e1n\u00ed str\u00e1nek<\/span><\/li>\n<li><a href=\"https:\/\/czmi.cz\/sluzby\/internetova-reklama-bannery\/google-adsense-adwords-ppc-cpa-affiliate\/\">PPC kampan\u011b<\/a><span> \u2013 komplexn\u00ed spr\u00e1va, c\u00edlen\u00ed a&nbsp;n\u00e1vrhy nov\u00fdch inzer\u00e1t\u016f<\/span><\/li>\n<li><a href=\"https:\/\/czmi.cz\/sluzby\/internetova-reklama-bannery\/google-adsense-adwords-ppc-cpa-affiliate\/\">CPA\/PPS kampan\u011b<\/a><span> \u2013 provize za uskute\u010dn\u011bn\u00e9 akce nebo p\u0159\u00edmo prodej<\/span><\/li>\n<li><a href=\"https:\/\/czmi.cz\/sluzby\/internetova-reklama-bannery\/e-marketing-provizni-partnerske-affiliate-vernostni-systemy\/\">Afila\u010dn\u00ed a&nbsp;provizn\u00ed syst\u00e9my<\/a><span> &#8211; platba za p\u0159iveden\u00e9 n\u00e1v\u0161t\u011bvn\u00edky nebo uskute\u010dn\u011bn\u00e9 n\u00e1kupy prost\u0159ednictv\u00edm online provizn\u00edho syst\u00e9mu, do kter\u00e9ho se m\u016f\u017ee kdokoliv registrovat, zvolit si jeden nebo skupinu inzer\u00e1t\u016f, um\u00edstit je na sv\u00e9 str\u00e1nky a&nbsp;za p\u0159iveden\u00e9 z\u00e1kazn\u00edky z\u00edskat odm\u011bnu<\/span><\/li>\n<li><a href=\"https:\/\/czmi.cz\/sluzby\/internetova-reklama-bannery\/\">Klasick\u00e9 reklamn\u00ed kampan\u011b (CPT)<\/a><span> \u2013 reklamn\u00ed bannery, obecn\u00e9 pov\u011bdom\u00ed<\/span><\/li>\n<li><span>Newsletter\/online zpravodaj \u2013 definice struktury\/obsahu\/\u010detnosti rozes\u00edl\u00e1n\u00ed<\/span><\/li>\n<li><span>DirectMarketing, DirectMailing \u2013 sd\u011blen\u00ed, \u017ee existuje projekt, jeho mo\u017enosti<\/span><\/li>\n<\/ul>\n<h2>Spu\u0161t\u011bn\u00ed v\u011brnostn\u00edho programu a&nbsp;jeho v\u00fdhody<\/h2>\n<ul class=\"seznammezeraleva\">\n<li><span>vytvo\u0159en\u00ed z\u00e1kaznick\u00e9ho klubu s&nbsp;volnou registrac\u00ed<\/span><\/li>\n<li><span>sb\u011br bod\u016f za uskute\u010dn\u011bn\u00e9 objedn\u00e1vky nebo n\u00e1kup konkr\u00e9tn\u00edho zbo\u017e\u00ed<\/span><\/li>\n<li><span>za body lze \u010derpat slevy\/nakupovat zbo\u017e\u00ed nebo vyb\u00edrat d\u00e1rky<\/span><\/li>\n<li><span>mo\u017enost z\u00edskat \u010dlenskou kartu a&nbsp;k&nbsp;n\u00ed dal\u0161\u00ed slevy<\/span><\/li>\n<\/ul>\n<h2>Spot\u0159ebitelsk\u00e9 sout\u011b\u017ee &#8211; zp\u016fsoby sout\u011b\u017een\u00ed<\/h2>\n<ul class=\"seznammezeraleva\">\n<li><span>v\u011brnostn\u00ed (sb\u00edr\u00e1n\u00ed bod\u016f)<\/span><\/li>\n<li><span>rychlostn\u00ed (prvn\u00edch 100)<\/span><\/li>\n<li><span>po\u0159ad\u00ed (vyhr\u00e1v\u00e1 ka\u017ed\u00e1 Xt\u00e1 objedn\u00e1vka, p\u0159\u00edpadn\u011b losov\u00e1n\u00ed)<\/span><\/li>\n<li><span>v\u011bdomostn\u00ed (odpov\u00edd\u00e1n\u00ed na ot\u00e1zky, seznamuje se s&nbsp;produkty, webem apod.)<\/span><\/li>\n<li><span>hern\u00ed (z\u00edsk\u00e1v\u00e1n\u00ed sk\u00f3re hran\u00edm her, odm\u011bn\u011bn\u00ed dle um\u00edst\u011bn\u00ed..)<\/span><\/li>\n<li><span>tipovac\u00ed (tipov\u00e1n\u00ed obrat\u016f, statistik apod..)<\/span><\/li>\n<li><span>kreativn\u00ed (zas\u00edl\u00e1n\u00ed slogan\u016f, gr. n\u00e1vrh\u016f, zv\u00fd\u0161en\u00ed zn\u00e1mosti zna\u010dky)<\/span><\/li>\n<li><span>kombinovan\u00e9 (kombinace v\u00fd\u0161e uveden\u00fdch)<\/span><\/li>\n<\/ul>\n<h2>Partnersk\u00e9 sout\u011b\u017ee a&nbsp;B2B partnersk\u00e9 programy<\/h2>\n<ul class=\"seznammezeraleva\">\n<li><span>kvalifikace (z\u00edsk\u00e1n\u00ed v\u00fdhod p\u0159i spln\u011bn\u00e9 certifikaci\/\u0161kolen\u00ed)<\/span><\/li>\n<li><span>obraty (dosa\u017een\u00ed cenov\u00e9 kategorie\/lep\u0161\u00ed splatnosti na z\u00e1klad\u011b uskute\u010dn\u011bn\u00e9ho obratu za obdob\u00ed, p\u0159\u00edpadn\u011b n\u00e1r\u016fstu mezi obdob\u00edm)<\/span><\/li>\n<li><span>bonusy (z\u00edsk\u00e1n\u00ed zp\u011btn\u00e9ho rabatu na z\u00e1klad\u011b spln\u011bn\u00fdch obrat\u016f)<\/span><\/li>\n<li><span>B2B sout\u011b\u017ee (kombinace her a&nbsp;v\u011brnostn\u00edch princip\u016f)<\/span><\/li>\n<\/ul>\n<h2>Poptejte nez\u00e1vazn\u011b internetov\u00e9 spot\u0159ebitelsk\u00e9 sout\u011b\u017ee<\/h2>\n<p>Za\u0159\u00edd\u00edme komplexn\u00ed realizaci od anal\u00fdzy po\u017eadavk\u016f, pr\u016fzkumu konkurence, vymy\u0161len\u00ed sout\u011b\u017e\u00ed, zaji\u0161t\u011bn\u00ed v\u00fdher, realizaci a&nbsp;implementaci do va\u0161i prezentace, propagaci, monitoring a&nbsp;spr\u00e1vu spot\u0159ebitelsk\u00fdch sout\u011b\u017e\u00ed a&nbsp;jejich dal\u0161\u00ed rozvoj. <\/p>\n","protected":false},"excerpt":{"rendered":"<p>en Online zviditeln\u011bn\u00ed, zv\u00fd\u0161en\u00ed prodeje a&nbsp;po\u010dtu z\u00e1kazn\u00edk\u016f Bu\u010fte atraktivn\u00ed pro sv\u00e9 z\u00e1kazn\u00edky. Sta\u0148te se st\u0159edem jejich pozornosti, nechte je sout\u011b\u017eit a&nbsp;vyhr\u00e1t. P\u0159ed spu\u0161t\u011bn\u00edm online her a&nbsp;spot\u0159ebitelsk\u00fdch sout\u011b\u017e\u00ed by m\u011bla b\u00fdt Va\u0161e webov\u00e1 prezentace pln\u011b p\u0159ipravena. Pot\u0159ebn\u00e9 odpov\u011bdi V\u00e1m poskytne anal\u00fdza webu, kter\u00e1 zhodnot\u00ed i&nbsp;konkuren\u010dn\u00ed prost\u0159ed\u00ed a&nbsp;navrhne opat\u0159en\u00ed. Online marketing &#8211; ne\u017e spust\u00edte spot\u0159ebitelsk\u00e9 sout\u011b\u017ee P\u0159ed [&hellip;]<\/p>\n","protected":false},"author":15,"featured_media":0,"parent":7968,"menu_order":0,"comment_status":"closed","ping_status":"closed","template":"","meta":{"footnotes":""},"class_list":["post-2367","page","type-page","status-publish","hentry"],"yoast_head":"<!-- This site is optimized with the Yoast SEO plugin v27.2 - https:\/\/yoast.com\/product\/yoast-seo-wordpress\/ -->\n<title>Web customer contests and giveaways, SMS -<\/title>\n<meta name=\"description\" content=\"Web customer contests and giveaways, SMS - digit\u00e1ln\u00ed agentura CZECH MULTIMEDIA INTERACTIVE. Realizujeme grafick\u00e9 n\u00e1vrhy, interaktivn\u00ed prezentace, tvorbu webu, slu\u017eby audiovizu\u00e1ln\u00ed produkce a postprodukce.\" \/>\n<meta name=\"robots\" content=\"index, follow, max-snippet:-1, max-image-preview:large, max-video-preview:-1\" \/>\n<link rel=\"canonical\" href=\"https:\/\/czmi.cz\/en\/services\/online-social-marketing\/web-customer-contests-and-giveaways-sms\/\" \/>\n<meta property=\"og:locale\" content=\"en_US\" \/>\n<meta property=\"og:type\" content=\"article\" \/>\n<meta property=\"og:title\" content=\"Web customer contests and giveaways, SMS -\" \/>\n<meta property=\"og:description\" content=\"Web customer contests and giveaways, SMS - digit\u00e1ln\u00ed agentura CZECH MULTIMEDIA INTERACTIVE. Realizujeme grafick\u00e9 n\u00e1vrhy, interaktivn\u00ed prezentace, tvorbu webu, slu\u017eby audiovizu\u00e1ln\u00ed produkce a postprodukce.\" \/>\n<meta property=\"og:url\" content=\"https:\/\/czmi.cz\/en\/services\/online-social-marketing\/web-customer-contests-and-giveaways-sms\/\" \/>\n<meta property=\"og:image\" content=\"https:\/\/czmi.cz\/obrazky\/perex\/ilustrace\/gcp036.jpg\" \/>\n<meta name=\"twitter:card\" content=\"summary_large_image\" \/>\n<meta name=\"twitter:label1\" content=\"Est. reading time\" \/>\n\t<meta name=\"twitter:data1\" content=\"3 minutes\" \/>\n<script type=\"application\/ld+json\" class=\"yoast-schema-graph\">{\"@context\":\"https:\/\/schema.org\",\"@graph\":[{\"@type\":\"WebPage\",\"@id\":\"https:\/\/czmi.cz\/en\/services\/online-social-marketing\/web-customer-contests-and-giveaways-sms\/\",\"url\":\"https:\/\/czmi.cz\/en\/services\/online-social-marketing\/web-customer-contests-and-giveaways-sms\/\",\"name\":\"Web customer contests and giveaways, SMS -\",\"isPartOf\":{\"@id\":\"https:\/\/czmi.cz\/#website\"},\"primaryImageOfPage\":{\"@id\":\"https:\/\/czmi.cz\/en\/services\/online-social-marketing\/web-customer-contests-and-giveaways-sms\/#primaryimage\"},\"image\":{\"@id\":\"https:\/\/czmi.cz\/en\/services\/online-social-marketing\/web-customer-contests-and-giveaways-sms\/#primaryimage\"},\"thumbnailUrl\":\"https:\/\/czmi.cz\/obrazky\/perex\/ilustrace\/gcp036.jpg\",\"datePublished\":\"2012-03-07T14:07:49+00:00\",\"description\":\"Web customer contests and giveaways, SMS - digit\u00e1ln\u00ed agentura CZECH MULTIMEDIA INTERACTIVE. Realizujeme grafick\u00e9 n\u00e1vrhy, interaktivn\u00ed prezentace, tvorbu webu, slu\u017eby audiovizu\u00e1ln\u00ed produkce a postprodukce.\",\"breadcrumb\":{\"@id\":\"https:\/\/czmi.cz\/en\/services\/online-social-marketing\/web-customer-contests-and-giveaways-sms\/#breadcrumb\"},\"inLanguage\":\"en-US\",\"potentialAction\":[{\"@type\":\"ReadAction\",\"target\":[\"https:\/\/czmi.cz\/en\/services\/online-social-marketing\/web-customer-contests-and-giveaways-sms\/\"]}]},{\"@type\":\"ImageObject\",\"inLanguage\":\"en-US\",\"@id\":\"https:\/\/czmi.cz\/en\/services\/online-social-marketing\/web-customer-contests-and-giveaways-sms\/#primaryimage\",\"url\":\"https:\/\/czmi.cz\/obrazky\/perex\/ilustrace\/gcp036.jpg\",\"contentUrl\":\"https:\/\/czmi.cz\/obrazky\/perex\/ilustrace\/gcp036.jpg\"},{\"@type\":\"BreadcrumbList\",\"@id\":\"https:\/\/czmi.cz\/en\/services\/online-social-marketing\/web-customer-contests-and-giveaways-sms\/#breadcrumb\",\"itemListElement\":[{\"@type\":\"ListItem\",\"position\":1,\"name\":\"CZMI\",\"item\":\"https:\/\/czmi.cz\/en\/\"},{\"@type\":\"ListItem\",\"position\":2,\"name\":\"Services\",\"item\":\"https:\/\/czmi.cz\/en\/services\/\"},{\"@type\":\"ListItem\",\"position\":3,\"name\":\"Online and social marketing\",\"item\":\"https:\/\/czmi.cz\/en\/services\/online-social-marketing\/\"},{\"@type\":\"ListItem\",\"position\":4,\"name\":\"Web customer contests and giveaways, SMS\"}]},{\"@type\":\"WebSite\",\"@id\":\"https:\/\/czmi.cz\/#website\",\"url\":\"https:\/\/czmi.cz\/\",\"name\":\"\",\"description\":\"\",\"potentialAction\":[{\"@type\":\"SearchAction\",\"target\":{\"@type\":\"EntryPoint\",\"urlTemplate\":\"https:\/\/czmi.cz\/?s={search_term_string}\"},\"query-input\":{\"@type\":\"PropertyValueSpecification\",\"valueRequired\":true,\"valueName\":\"search_term_string\"}}],\"inLanguage\":\"en-US\"}]}<\/script>\n<!-- \/ Yoast SEO plugin. -->","yoast_head_json":{"title":"Web customer contests and giveaways, SMS -","description":"Web customer contests and giveaways, SMS - digit\u00e1ln\u00ed agentura CZECH MULTIMEDIA INTERACTIVE. Realizujeme grafick\u00e9 n\u00e1vrhy, interaktivn\u00ed prezentace, tvorbu webu, slu\u017eby audiovizu\u00e1ln\u00ed produkce a postprodukce.","robots":{"index":"index","follow":"follow","max-snippet":"max-snippet:-1","max-image-preview":"max-image-preview:large","max-video-preview":"max-video-preview:-1"},"canonical":"https:\/\/czmi.cz\/en\/services\/online-social-marketing\/web-customer-contests-and-giveaways-sms\/","og_locale":"en_US","og_type":"article","og_title":"Web customer contests and giveaways, SMS -","og_description":"Web customer contests and giveaways, SMS - digit\u00e1ln\u00ed agentura CZECH MULTIMEDIA INTERACTIVE. Realizujeme grafick\u00e9 n\u00e1vrhy, interaktivn\u00ed prezentace, tvorbu webu, slu\u017eby audiovizu\u00e1ln\u00ed produkce a postprodukce.","og_url":"https:\/\/czmi.cz\/en\/services\/online-social-marketing\/web-customer-contests-and-giveaways-sms\/","og_image":[{"url":"https:\/\/czmi.cz\/obrazky\/perex\/ilustrace\/gcp036.jpg","type":"","width":"","height":""}],"twitter_card":"summary_large_image","twitter_misc":{"Est. reading time":"3 minutes"},"schema":{"@context":"https:\/\/schema.org","@graph":[{"@type":"WebPage","@id":"https:\/\/czmi.cz\/en\/services\/online-social-marketing\/web-customer-contests-and-giveaways-sms\/","url":"https:\/\/czmi.cz\/en\/services\/online-social-marketing\/web-customer-contests-and-giveaways-sms\/","name":"Web customer contests and giveaways, SMS -","isPartOf":{"@id":"https:\/\/czmi.cz\/#website"},"primaryImageOfPage":{"@id":"https:\/\/czmi.cz\/en\/services\/online-social-marketing\/web-customer-contests-and-giveaways-sms\/#primaryimage"},"image":{"@id":"https:\/\/czmi.cz\/en\/services\/online-social-marketing\/web-customer-contests-and-giveaways-sms\/#primaryimage"},"thumbnailUrl":"https:\/\/czmi.cz\/obrazky\/perex\/ilustrace\/gcp036.jpg","datePublished":"2012-03-07T14:07:49+00:00","description":"Web customer contests and giveaways, SMS - digit\u00e1ln\u00ed agentura CZECH MULTIMEDIA INTERACTIVE. Realizujeme grafick\u00e9 n\u00e1vrhy, interaktivn\u00ed prezentace, tvorbu webu, slu\u017eby audiovizu\u00e1ln\u00ed produkce a postprodukce.","breadcrumb":{"@id":"https:\/\/czmi.cz\/en\/services\/online-social-marketing\/web-customer-contests-and-giveaways-sms\/#breadcrumb"},"inLanguage":"en-US","potentialAction":[{"@type":"ReadAction","target":["https:\/\/czmi.cz\/en\/services\/online-social-marketing\/web-customer-contests-and-giveaways-sms\/"]}]},{"@type":"ImageObject","inLanguage":"en-US","@id":"https:\/\/czmi.cz\/en\/services\/online-social-marketing\/web-customer-contests-and-giveaways-sms\/#primaryimage","url":"https:\/\/czmi.cz\/obrazky\/perex\/ilustrace\/gcp036.jpg","contentUrl":"https:\/\/czmi.cz\/obrazky\/perex\/ilustrace\/gcp036.jpg"},{"@type":"BreadcrumbList","@id":"https:\/\/czmi.cz\/en\/services\/online-social-marketing\/web-customer-contests-and-giveaways-sms\/#breadcrumb","itemListElement":[{"@type":"ListItem","position":1,"name":"CZMI","item":"https:\/\/czmi.cz\/en\/"},{"@type":"ListItem","position":2,"name":"Services","item":"https:\/\/czmi.cz\/en\/services\/"},{"@type":"ListItem","position":3,"name":"Online and social marketing","item":"https:\/\/czmi.cz\/en\/services\/online-social-marketing\/"},{"@type":"ListItem","position":4,"name":"Web customer contests and giveaways, SMS"}]},{"@type":"WebSite","@id":"https:\/\/czmi.cz\/#website","url":"https:\/\/czmi.cz\/","name":"","description":"","potentialAction":[{"@type":"SearchAction","target":{"@type":"EntryPoint","urlTemplate":"https:\/\/czmi.cz\/?s={search_term_string}"},"query-input":{"@type":"PropertyValueSpecification","valueRequired":true,"valueName":"search_term_string"}}],"inLanguage":"en-US"}]}},"_links":{"self":[{"href":"https:\/\/czmi.cz\/en\/wp-json\/wp\/v2\/pages\/2367","targetHints":{"allow":["GET"]}}],"collection":[{"href":"https:\/\/czmi.cz\/en\/wp-json\/wp\/v2\/pages"}],"about":[{"href":"https:\/\/czmi.cz\/en\/wp-json\/wp\/v2\/types\/page"}],"author":[{"embeddable":true,"href":"https:\/\/czmi.cz\/en\/wp-json\/wp\/v2\/users\/15"}],"replies":[{"embeddable":true,"href":"https:\/\/czmi.cz\/en\/wp-json\/wp\/v2\/comments?post=2367"}],"version-history":[{"count":0,"href":"https:\/\/czmi.cz\/en\/wp-json\/wp\/v2\/pages\/2367\/revisions"}],"up":[{"embeddable":true,"href":"https:\/\/czmi.cz\/en\/wp-json\/wp\/v2\/pages\/7968"}],"wp:attachment":[{"href":"https:\/\/czmi.cz\/en\/wp-json\/wp\/v2\/media?parent=2367"}],"curies":[{"name":"wp","href":"https:\/\/api.w.org\/{rel}","templated":true}]}}