{"id":11532,"date":"2014-03-16T19:12:50","date_gmt":"2014-03-16T19:12:50","guid":{"rendered":"https:\/\/czmi.cz\/services\/webhosting-server-hosting-cloudmail\/"},"modified":"2021-05-23T12:35:25","modified_gmt":"2021-05-23T12:35:25","slug":"webhosting-server-hosting-cloudmail","status":"publish","type":"page","link":"https:\/\/czmi.cz\/en\/services\/webhosting-server-hosting-cloudmail\/","title":{"rendered":"Webhosting, server hosting, cloudmail"},"content":{"rendered":"<p>We offer quality web hosting as a&nbsp;guaranteed service monitored 24\/7. For emailing, the CloudMail server, which has a&nbsp;99.99% availability thanks to a&nbsp;cloud solution. Provides unlimited scalability, unlimited domains and aliases. It filters a&nbsp;large number of messages daily with high antispam efficiency and absolutely negligible error rate. Maximum data storage security (3x replication + backup). We manage more than 300 internet domains and projects of our clients, which are operated securely on our servers. We provide consulting and service IT services to support client solutions according to the required level of service (SLA)..<\/p>\n<p><a class=\"btn btn-danger\" title=\"Domains and webhosting\" href=\"\/sluzby\/it-sluzby-provoz-servis\/webhosting-serverhosting-domeny\/\">Domains and webhosting<\/a><\/p>\n<h2>Internet domain registration<\/h2>\n<p><strong>Make sure the domain you want is free.<\/strong><\/p>\n<form action=\"https:\/\/nic.cz\" method=\"post\"><input class=\"wpcf7-form-control wpcf7-text wpcf7-validates-as-required form-control input-sm\" name=\"sDomain\" type=\"text\" value=\"\" \/><br \/>\n<input class=\"btn btn-danger\" name=\"btnOverDomenu\" type=\"submit\" value=\"Verify domain\" \/><\/p>\n<p>We will register a&nbsp;Czech, foreign or international domain for the website and put space for your documents into operation. Web hosting includes renting data space to the domain, operation of a&nbsp;database and mail server. We offer a&nbsp;managed server service for larger web presentations or applications. <\/p>\n","protected":false},"excerpt":{"rendered":"<p>We offer quality web hosting as a&nbsp;guaranteed service monitored 24\/7. For emailing, the CloudMail server, which has a&nbsp;99.99% availability thanks to a&nbsp;cloud solution. Provides unlimited scalability, unlimited domains and aliases. It filters a&nbsp;large number of messages daily with high antispam efficiency and absolutely negligible error rate. Maximum data storage security (3x replication + backup). We [&hellip;]<\/p>\n","protected":false},"author":15,"featured_media":11533,"parent":2355,"menu_order":0,"comment_status":"closed","ping_status":"closed","template":"page-sluzba.php","meta":{"footnotes":""},"class_list":["post-11532","page","type-page","status-publish","has-post-thumbnail","hentry"],"yoast_head":"<!-- This site is optimized with the Yoast SEO plugin v27.2 - https:\/\/yoast.com\/product\/yoast-seo-wordpress\/ -->\n<title>IT slu\u017eby, provoz, servis - CZECH MULTIMEDIA INTERACTIVE<\/title>\n<meta name=\"description\" content=\"IT slu\u017eby, podpora klientsk\u00fdch \u0159e\u0161en\u00ed, zaji\u0161t\u011bn\u00ed provozu a servisu dle po\u017eadovan\u00e9 \u00farovn\u011b slu\u017eeb (SLA). N\u00e1vrhy ICT, serverhosting, webhosting a mailserver.\" \/>\n<meta name=\"robots\" content=\"index, follow, max-snippet:-1, max-image-preview:large, max-video-preview:-1\" \/>\n<link rel=\"canonical\" href=\"https:\/\/czmi.cz\/en\/services\/webhosting-server-hosting-cloudmail\/\" \/>\n<meta property=\"og:locale\" content=\"en_US\" \/>\n<meta property=\"og:type\" content=\"article\" \/>\n<meta property=\"og:title\" content=\"IT slu\u017eby, provoz, servis - CZECH MULTIMEDIA INTERACTIVE\" \/>\n<meta property=\"og:description\" content=\"IT slu\u017eby, podpora klientsk\u00fdch \u0159e\u0161en\u00ed, zaji\u0161t\u011bn\u00ed provozu a servisu dle po\u017eadovan\u00e9 \u00farovn\u011b slu\u017eeb (SLA). N\u00e1vrhy ICT, serverhosting, webhosting a mailserver.\" \/>\n<meta property=\"og:url\" content=\"https:\/\/czmi.cz\/en\/services\/webhosting-server-hosting-cloudmail\/\" \/>\n<meta property=\"article:modified_time\" content=\"2021-05-23T12:35:25+00:00\" \/>\n<meta property=\"og:image\" content=\"https:\/\/czmi.cz\/wp-content\/uploads\/2014\/03\/sluzby-it.png\" \/>\n\t<meta property=\"og:image:width\" content=\"400\" \/>\n\t<meta property=\"og:image:height\" content=\"400\" \/>\n\t<meta property=\"og:image:type\" content=\"image\/png\" \/>\n<meta name=\"twitter:card\" content=\"summary_large_image\" \/>\n<meta name=\"twitter:label1\" content=\"Est. reading time\" \/>\n\t<meta name=\"twitter:data1\" content=\"1 minute\" \/>\n<script type=\"application\/ld+json\" class=\"yoast-schema-graph\">{\"@context\":\"https:\/\/schema.org\",\"@graph\":[{\"@type\":\"WebPage\",\"@id\":\"https:\/\/czmi.cz\/en\/services\/webhosting-server-hosting-cloudmail\/\",\"url\":\"https:\/\/czmi.cz\/en\/services\/webhosting-server-hosting-cloudmail\/\",\"name\":\"IT slu\u017eby, provoz, servis - CZECH MULTIMEDIA INTERACTIVE\",\"isPartOf\":{\"@id\":\"https:\/\/czmi.cz\/#website\"},\"primaryImageOfPage\":{\"@id\":\"https:\/\/czmi.cz\/en\/services\/webhosting-server-hosting-cloudmail\/#primaryimage\"},\"image\":{\"@id\":\"https:\/\/czmi.cz\/en\/services\/webhosting-server-hosting-cloudmail\/#primaryimage\"},\"thumbnailUrl\":\"https:\/\/czmi.cz\/wp-content\/uploads\/2014\/03\/sluzby-it.png\",\"datePublished\":\"2014-03-16T19:12:50+00:00\",\"dateModified\":\"2021-05-23T12:35:25+00:00\",\"description\":\"IT slu\u017eby, podpora klientsk\u00fdch \u0159e\u0161en\u00ed, zaji\u0161t\u011bn\u00ed provozu a servisu dle po\u017eadovan\u00e9 \u00farovn\u011b slu\u017eeb (SLA). N\u00e1vrhy ICT, serverhosting, webhosting a mailserver.\",\"breadcrumb\":{\"@id\":\"https:\/\/czmi.cz\/en\/services\/webhosting-server-hosting-cloudmail\/#breadcrumb\"},\"inLanguage\":\"en-US\",\"potentialAction\":[{\"@type\":\"ReadAction\",\"target\":[\"https:\/\/czmi.cz\/en\/services\/webhosting-server-hosting-cloudmail\/\"]}]},{\"@type\":\"ImageObject\",\"inLanguage\":\"en-US\",\"@id\":\"https:\/\/czmi.cz\/en\/services\/webhosting-server-hosting-cloudmail\/#primaryimage\",\"url\":\"https:\/\/czmi.cz\/wp-content\/uploads\/2014\/03\/sluzby-it.png\",\"contentUrl\":\"https:\/\/czmi.cz\/wp-content\/uploads\/2014\/03\/sluzby-it.png\",\"width\":400,\"height\":400},{\"@type\":\"BreadcrumbList\",\"@id\":\"https:\/\/czmi.cz\/en\/services\/webhosting-server-hosting-cloudmail\/#breadcrumb\",\"itemListElement\":[{\"@type\":\"ListItem\",\"position\":1,\"name\":\"CZMI\",\"item\":\"https:\/\/czmi.cz\/en\/\"},{\"@type\":\"ListItem\",\"position\":2,\"name\":\"Services\",\"item\":\"https:\/\/czmi.cz\/en\/services\/\"},{\"@type\":\"ListItem\",\"position\":3,\"name\":\"Webhosting, server hosting, cloudmail\"}]},{\"@type\":\"WebSite\",\"@id\":\"https:\/\/czmi.cz\/#website\",\"url\":\"https:\/\/czmi.cz\/\",\"name\":\"\",\"description\":\"\",\"potentialAction\":[{\"@type\":\"SearchAction\",\"target\":{\"@type\":\"EntryPoint\",\"urlTemplate\":\"https:\/\/czmi.cz\/?s={search_term_string}\"},\"query-input\":{\"@type\":\"PropertyValueSpecification\",\"valueRequired\":true,\"valueName\":\"search_term_string\"}}],\"inLanguage\":\"en-US\"}]}<\/script>\n<!-- \/ Yoast SEO plugin. -->","yoast_head_json":{"title":"IT slu\u017eby, provoz, servis - CZECH MULTIMEDIA INTERACTIVE","description":"IT slu\u017eby, podpora klientsk\u00fdch \u0159e\u0161en\u00ed, zaji\u0161t\u011bn\u00ed provozu a servisu dle po\u017eadovan\u00e9 \u00farovn\u011b slu\u017eeb (SLA). N\u00e1vrhy ICT, serverhosting, webhosting a mailserver.","robots":{"index":"index","follow":"follow","max-snippet":"max-snippet:-1","max-image-preview":"max-image-preview:large","max-video-preview":"max-video-preview:-1"},"canonical":"https:\/\/czmi.cz\/en\/services\/webhosting-server-hosting-cloudmail\/","og_locale":"en_US","og_type":"article","og_title":"IT slu\u017eby, provoz, servis - CZECH MULTIMEDIA INTERACTIVE","og_description":"IT slu\u017eby, podpora klientsk\u00fdch \u0159e\u0161en\u00ed, zaji\u0161t\u011bn\u00ed provozu a servisu dle po\u017eadovan\u00e9 \u00farovn\u011b slu\u017eeb (SLA). N\u00e1vrhy ICT, serverhosting, webhosting a mailserver.","og_url":"https:\/\/czmi.cz\/en\/services\/webhosting-server-hosting-cloudmail\/","article_modified_time":"2021-05-23T12:35:25+00:00","og_image":[{"width":400,"height":400,"url":"https:\/\/czmi.cz\/wp-content\/uploads\/2014\/03\/sluzby-it.png","type":"image\/png"}],"twitter_card":"summary_large_image","twitter_misc":{"Est. reading time":"1 minute"},"schema":{"@context":"https:\/\/schema.org","@graph":[{"@type":"WebPage","@id":"https:\/\/czmi.cz\/en\/services\/webhosting-server-hosting-cloudmail\/","url":"https:\/\/czmi.cz\/en\/services\/webhosting-server-hosting-cloudmail\/","name":"IT slu\u017eby, provoz, servis - CZECH MULTIMEDIA INTERACTIVE","isPartOf":{"@id":"https:\/\/czmi.cz\/#website"},"primaryImageOfPage":{"@id":"https:\/\/czmi.cz\/en\/services\/webhosting-server-hosting-cloudmail\/#primaryimage"},"image":{"@id":"https:\/\/czmi.cz\/en\/services\/webhosting-server-hosting-cloudmail\/#primaryimage"},"thumbnailUrl":"https:\/\/czmi.cz\/wp-content\/uploads\/2014\/03\/sluzby-it.png","datePublished":"2014-03-16T19:12:50+00:00","dateModified":"2021-05-23T12:35:25+00:00","description":"IT slu\u017eby, podpora klientsk\u00fdch \u0159e\u0161en\u00ed, zaji\u0161t\u011bn\u00ed provozu a servisu dle po\u017eadovan\u00e9 \u00farovn\u011b slu\u017eeb (SLA). N\u00e1vrhy ICT, serverhosting, webhosting a mailserver.","breadcrumb":{"@id":"https:\/\/czmi.cz\/en\/services\/webhosting-server-hosting-cloudmail\/#breadcrumb"},"inLanguage":"en-US","potentialAction":[{"@type":"ReadAction","target":["https:\/\/czmi.cz\/en\/services\/webhosting-server-hosting-cloudmail\/"]}]},{"@type":"ImageObject","inLanguage":"en-US","@id":"https:\/\/czmi.cz\/en\/services\/webhosting-server-hosting-cloudmail\/#primaryimage","url":"https:\/\/czmi.cz\/wp-content\/uploads\/2014\/03\/sluzby-it.png","contentUrl":"https:\/\/czmi.cz\/wp-content\/uploads\/2014\/03\/sluzby-it.png","width":400,"height":400},{"@type":"BreadcrumbList","@id":"https:\/\/czmi.cz\/en\/services\/webhosting-server-hosting-cloudmail\/#breadcrumb","itemListElement":[{"@type":"ListItem","position":1,"name":"CZMI","item":"https:\/\/czmi.cz\/en\/"},{"@type":"ListItem","position":2,"name":"Services","item":"https:\/\/czmi.cz\/en\/services\/"},{"@type":"ListItem","position":3,"name":"Webhosting, server hosting, cloudmail"}]},{"@type":"WebSite","@id":"https:\/\/czmi.cz\/#website","url":"https:\/\/czmi.cz\/","name":"","description":"","potentialAction":[{"@type":"SearchAction","target":{"@type":"EntryPoint","urlTemplate":"https:\/\/czmi.cz\/?s={search_term_string}"},"query-input":{"@type":"PropertyValueSpecification","valueRequired":true,"valueName":"search_term_string"}}],"inLanguage":"en-US"}]}},"_links":{"self":[{"href":"https:\/\/czmi.cz\/en\/wp-json\/wp\/v2\/pages\/11532","targetHints":{"allow":["GET"]}}],"collection":[{"href":"https:\/\/czmi.cz\/en\/wp-json\/wp\/v2\/pages"}],"about":[{"href":"https:\/\/czmi.cz\/en\/wp-json\/wp\/v2\/types\/page"}],"author":[{"embeddable":true,"href":"https:\/\/czmi.cz\/en\/wp-json\/wp\/v2\/users\/15"}],"replies":[{"embeddable":true,"href":"https:\/\/czmi.cz\/en\/wp-json\/wp\/v2\/comments?post=11532"}],"version-history":[{"count":4,"href":"https:\/\/czmi.cz\/en\/wp-json\/wp\/v2\/pages\/11532\/revisions"}],"predecessor-version":[{"id":11538,"href":"https:\/\/czmi.cz\/en\/wp-json\/wp\/v2\/pages\/11532\/revisions\/11538"}],"up":[{"embeddable":true,"href":"https:\/\/czmi.cz\/en\/wp-json\/wp\/v2\/pages\/2355"}],"wp:featuredmedia":[{"embeddable":true,"href":"https:\/\/czmi.cz\/en\/wp-json\/wp\/v2\/media\/11533"}],"wp:attachment":[{"href":"https:\/\/czmi.cz\/en\/wp-json\/wp\/v2\/media?parent=11532"}],"curies":[{"name":"wp","href":"https:\/\/api.w.org\/{rel}","templated":true}]}}